{"id":1917,"date":"2021-08-12T04:19:48","date_gmt":"2021-08-12T04:19:48","guid":{"rendered":"https:\/\/rth.jzu.mybluehost.me\/website_8880be76\/?page_id=521"},"modified":"2023-08-29T11:28:32","modified_gmt":"2023-08-29T11:28:32","slug":"organizacijam","status":"publish","type":"page","link":"https:\/\/daigakatrina.com\/en\/organizacijam\/","title":{"rendered":"For organisations"},"content":{"rendered":"<div data-elementor-type=\"wp-page\" data-elementor-id=\"1917\" class=\"elementor elementor-1917\">\n\t\t\t\t\t\t<section class=\"elementor-section elementor-top-section elementor-element elementor-element-5fe5663 elementor-section-full_width elementor-section-height-default elementor-section-height-default\" data-id=\"5fe5663\" data-element_type=\"section\">\n\t\t\t\t\t\t<div class=\"elementor-container elementor-column-gap-no\">\n\t\t\t\t\t<div class=\"elementor-column elementor-col-100 elementor-top-column elementor-element elementor-element-1b2d065\" data-id=\"1b2d065\" data-element_type=\"column\">\n\t\t\t<div class=\"elementor-widget-wrap elementor-element-populated\">\n\t\t\t\t\t\t<div class=\"elementor-element elementor-element-e35af14 elementor-widget elementor-widget-polpress_service\" data-id=\"e35af14\" data-element_type=\"widget\" data-widget_type=\"polpress_service.default\">\n\t\t\t\t<div class=\"elementor-widget-container\">\n\t\t\t\t\t            <section class=\"service-style-three service-page\">\n                <div class=\"auto-container\">\n                    <div class=\"row clearfix\">\n                                                    <div class=\"col-lg-4 col-md-6 col-sm-12 service-block\">\n                                <div class=\"service-block-two\">\n                                    <div class=\"inner-box\">\n                                        <div class=\"icon-box\">\n                                            <figure class=\"icon\">\n                                                <img fetchpriority=\"high\" decoding=\"async\" width=\"512\" height=\"512\" src=\"https:\/\/daigakatrina.com\/wp-content\/uploads\/2023\/08\/commu.png\" class=\"attachment-full size-full\" alt=\"komunik\u0101cija darba viet\u0101, semin\u0101ri organiz\u0101cij\u0101m\" \/>                                            <\/figure>\n                                        <\/div>\n                                        <div class=\"lower-content\">\n                                            <h3><a href=\"https:\/\/rth.jzu.mybluehost.me\/website_8880be76\/drizuma\/\"  >Workshop \"Communication in the workplace\" (4 h)<\/a><\/h3>\n                                            <p>An educational and practical workshop for a group or team of employees on the importance of communication and the use of different communication techniques in a professional context.<\/p>\n                                            <div class=\"link\"><a href=\"https:\/\/rth.jzu.mybluehost.me\/website_8880be76\/drizuma\/\"  ><i class=\"flaticon-right-arrow\"><\/i><\/a><\/div>\n                                        <\/div>\n                                    <\/div>\n                                <\/div>\n                            <\/div>\n                                                    <div class=\"col-lg-4 col-md-6 col-sm-12 service-block\">\n                                <div class=\"service-block-two\">\n                                    <div class=\"inner-box\">\n                                        <div class=\"icon-box\">\n                                            <figure class=\"icon\">\n                                                <img decoding=\"async\" width=\"512\" height=\"512\" src=\"https:\/\/daigakatrina.com\/wp-content\/uploads\/2023\/08\/mindfulness.png\" class=\"attachment-full size-full\" alt=\"apzin\u0101t\u012bbas nodarb\u012bbas, semin\u0101ri organiz\u0101cij\u0101m, apzin\u0101t\u012bba darba viet\u0101\" \/>                                            <\/figure>\n                                        <\/div>\n                                        <div class=\"lower-content\">\n                                            <h3><a href=\"https:\/\/rth.jzu.mybluehost.me\/website_8880be76\/drizuma\/\"  >Workshop \"Mindfulness at work\" (4 h)<\/a><\/h3>\n                                            <p>Educational and practical workshop for a group or team of employees on the importance of mindfulness in the work environment. Learning mindfulness techniques for application in a professional context.<\/p>\n                                            <div class=\"link\"><a href=\"https:\/\/rth.jzu.mybluehost.me\/website_8880be76\/drizuma\/\"  ><i class=\"flaticon-right-arrow\"><\/i><\/a><\/div>\n                                        <\/div>\n                                    <\/div>\n                                <\/div>\n                            <\/div>\n                                                    <div class=\"col-lg-4 col-md-6 col-sm-12 service-block\">\n                                <div class=\"service-block-two\">\n                                    <div class=\"inner-box\">\n                                        <div class=\"icon-box\">\n                                            <figure class=\"icon\">\n                                                <img decoding=\"async\" width=\"512\" height=\"512\" src=\"https:\/\/daigakatrina.com\/wp-content\/uploads\/2023\/08\/garigums.png\" class=\"attachment-full size-full\" alt=\"apzin\u0101t\u012bbas nodarb\u012bbas, semin\u0101ri organiz\u0101cij\u0101m, apzin\u0101t\u012bba darba viet\u0101, gar\u012bgums darba viet\u0101\" \/>                                            <\/figure>\n                                        <\/div>\n                                        <div class=\"lower-content\">\n                                            <h3><a href=\"https:\/\/rth.jzu.mybluehost.me\/website_8880be76\/drizuma\/\"  >Workshop \"Spirituality in the workplace\" (4 h)<\/a><\/h3>\n                                            <p>An educational and practical workshop for a group or team of employees on spirituality as a resource in the workplace. The latest workplace trends for increasing a sense of meaning in a professional context.<\/p>\n                                            <div class=\"link\"><a href=\"https:\/\/rth.jzu.mybluehost.me\/website_8880be76\/drizuma\/\"  ><i class=\"flaticon-right-arrow\"><\/i><\/a><\/div>\n                                        <\/div>\n                                    <\/div>\n                                <\/div>\n                            <\/div>\n                                                    <div class=\"col-lg-4 col-md-6 col-sm-12 service-block\">\n                                <div class=\"service-block-two\">\n                                    <div class=\"inner-box\">\n                                        <div class=\"icon-box\">\n                                            <figure class=\"icon\">\n                                                <img loading=\"lazy\" decoding=\"async\" width=\"512\" height=\"512\" src=\"https:\/\/daigakatrina.com\/wp-content\/uploads\/2023\/08\/ms.png\" class=\"attachment-full size-full\" alt=\"apzin\u0101t\u012bbas nodarb\u012bbas, semin\u0101ri organiz\u0101cij\u0101m, apzin\u0101t\u012bba darba viet\u0101, gar\u012bgums darba viet\u0101, gar\u012bgais intelekts\" \/>                                            <\/figure>\n                                        <\/div>\n                                        <div class=\"lower-content\">\n                                            <h3><a href=\"https:\/\/rth.jzu.mybluehost.me\/website_8880be76\/drizuma\/\"  >Mental Intelligence Training<\/a><\/h3>\n                                            <p>A series of sessions for teams, groups of employees to integrate mindfulness and spiritual values into their daily professional life, with the aim of improving the quality of work and cooperation.<\/p>\n                                            <div class=\"link\"><a href=\"https:\/\/rth.jzu.mybluehost.me\/website_8880be76\/drizuma\/\"  ><i class=\"flaticon-right-arrow\"><\/i><\/a><\/div>\n                                        <\/div>\n                                    <\/div>\n                                <\/div>\n                            <\/div>\n                                                    <div class=\"col-lg-4 col-md-6 col-sm-12 service-block\">\n                                <div class=\"service-block-two\">\n                                    <div class=\"inner-box\">\n                                        <div class=\"icon-box\">\n                                            <figure class=\"icon\">\n                                                <img loading=\"lazy\" decoding=\"async\" width=\"512\" height=\"512\" src=\"https:\/\/daigakatrina.com\/wp-content\/uploads\/2023\/08\/eye-4.png\" class=\"attachment-full size-full\" alt=\"acu kust\u012bbu terapija\" \/>                                            <\/figure>\n                                        <\/div>\n                                        <div class=\"lower-content\">\n                                            <h3><a href=\"https:\/\/rth.jzu.mybluehost.me\/website_8880be76\/drizuma\/\"  >IEMT sessions for staff of organisations<\/a><\/h3>\n                                            <p>A short-term therapy technique to alleviate acute emotional problems. Individual sessions to address professional challenges.<\/p>\n                                            <div class=\"link\"><a href=\"https:\/\/rth.jzu.mybluehost.me\/website_8880be76\/drizuma\/\"  ><i class=\"flaticon-right-arrow\"><\/i><\/a><\/div>\n                                        <\/div>\n                                    <\/div>\n                                <\/div>\n                            <\/div>\n                                                    <div class=\"col-lg-4 col-md-6 col-sm-12 service-block\">\n                                <div class=\"service-block-two\">\n                                    <div class=\"inner-box\">\n                                        <div class=\"icon-box\">\n                                            <figure class=\"icon\">\n                                                <img loading=\"lazy\" decoding=\"async\" width=\"512\" height=\"512\" src=\"https:\/\/daigakatrina.com\/wp-content\/uploads\/2023\/08\/eteriskas-ellas.png\" class=\"attachment-full size-full\" alt=\"\u0113terisk\u0101s e\u013c\u013cas, \u0113terisko e\u013c\u013cu meistarklases, nodarb\u012bba uz\u0146\u0113mumiem, izklaides uz\u0146\u0113mumiem\" \/>                                            <\/figure>\n                                        <\/div>\n                                        <div class=\"lower-content\">\n                                            <h3><a href=\"https:\/\/rth.jzu.mybluehost.me\/website_8880be76\/drizuma\/\"  >Class \"Making perfumes from essential oils\" (2 h)<\/a><\/h3>\n                                            <p>A festive mood activity for a group of employees, with each participant creating their own fragrance.<\/p>\n                                            <div class=\"link\"><a href=\"https:\/\/rth.jzu.mybluehost.me\/website_8880be76\/drizuma\/\"  ><i class=\"flaticon-right-arrow\"><\/i><\/a><\/div>\n                                        <\/div>\n                                    <\/div>\n                                <\/div>\n                            <\/div>\n                                            <\/div>\n                <\/div>\n            <\/section>\n        \t\t\t\t<\/div>\n\t\t\t\t<\/div>\n\t\t\t\t\t<\/div>\n\t\t<\/div>\n\t\t\t\t\t<\/div>\n\t\t<\/section>\n\t\t\t\t<section class=\"elementor-section elementor-top-section elementor-element elementor-element-1363e79 elementor-section-full_width elementor-section-height-default elementor-section-height-default\" data-id=\"1363e79\" data-element_type=\"section\">\n\t\t\t\t\t\t<div class=\"elementor-container elementor-column-gap-no\">\n\t\t\t\t\t<div class=\"elementor-column elementor-col-100 elementor-top-column elementor-element elementor-element-1888911\" data-id=\"1888911\" data-element_type=\"column\">\n\t\t\t<div class=\"elementor-widget-wrap elementor-element-populated\">\n\t\t\t\t\t\t<div class=\"elementor-element elementor-element-14139a3 elementor-widget elementor-widget-polpress_video\" data-id=\"14139a3\" data-element_type=\"widget\" data-widget_type=\"polpress_video.default\">\n\t\t\t\t<div class=\"elementor-widget-container\">\n\t\t\t\t\t    <!-- video-section -->\n    <section class=\"video-section centred\" style=\"background-image: url(https:\/\/daigakatrina.com\/wp-content\/uploads\/2023\/07\/Daiga-katrina.png);\">\n      <div class=\"auto-container\">\n        <div class=\"sec-title light centred\">\n          <i class=\"flaticon-brain-1\"><\/i>\n          <h6>FOR ORGANISATIONS<\/h6>\n        <\/div>\n        <div class=\"inner-box\">\n          <h2>Openness to cooperation<\/h2>\n          <div class=\"video-btn\">\n            <a class=\"popup-youtube\" href=\"https:\/\/www.youtube.com\/watch?v=7u6Etpu628M\"   data-caption=\"\"><i class=\"flaticon-play-button-1\"><\/i><\/a>\n          <\/div>\n        <\/div>\n      <\/div>\n    <\/section>\n    <!-- video-section end -->\n\t\t\t\t<\/div>\n\t\t\t\t<\/div>\n\t\t\t\t\t<\/div>\n\t\t<\/div>\n\t\t\t\t\t<\/div>\n\t\t<\/section>\n\t\t\t\t<\/div>","protected":false},"excerpt":{"rendered":"<p>Workshop \"Communication in the workplace\" (4 h) Educational and practical workshop for a group or team of employees on the importance of communication and different communication techniques [...]<\/p>","protected":false},"author":1,"featured_media":972,"parent":0,"menu_order":0,"comment_status":"closed","ping_status":"closed","template":"elementor_header_footer","meta":{"footnotes":"","_links_to":"","_links_to_target":""},"class_list":["post-1917","page","type-page","status-publish","has-post-thumbnail","hentry"],"_links":{"self":[{"href":"https:\/\/daigakatrina.com\/en\/wp-json\/wp\/v2\/pages\/1917","targetHints":{"allow":["GET"]}}],"collection":[{"href":"https:\/\/daigakatrina.com\/en\/wp-json\/wp\/v2\/pages"}],"about":[{"href":"https:\/\/daigakatrina.com\/en\/wp-json\/wp\/v2\/types\/page"}],"author":[{"embeddable":true,"href":"https:\/\/daigakatrina.com\/en\/wp-json\/wp\/v2\/users\/1"}],"replies":[{"embeddable":true,"href":"https:\/\/daigakatrina.com\/en\/wp-json\/wp\/v2\/comments?post=1917"}],"version-history":[{"count":17,"href":"https:\/\/daigakatrina.com\/en\/wp-json\/wp\/v2\/pages\/1917\/revisions"}],"predecessor-version":[{"id":3319,"href":"https:\/\/daigakatrina.com\/en\/wp-json\/wp\/v2\/pages\/1917\/revisions\/3319"}],"wp:featuredmedia":[{"embeddable":true,"href":"https:\/\/daigakatrina.com\/en\/wp-json\/wp\/v2\/media\/972"}],"wp:attachment":[{"href":"https:\/\/daigakatrina.com\/en\/wp-json\/wp\/v2\/media?parent=1917"}],"curies":[{"name":"wp","href":"https:\/\/api.w.org\/{rel}","templated":true}]}}