{"id":2381,"date":"2023-07-14T12:11:40","date_gmt":"2023-07-14T12:11:40","guid":{"rendered":"https:\/\/rth.jzu.mybluehost.me\/website_8880be76\/?page_id=2381"},"modified":"2025-01-20T19:40:45","modified_gmt":"2025-01-20T19:40:45","slug":"grupas","status":"publish","type":"page","link":"https:\/\/daigakatrina.com\/en\/grupas\/","title":{"rendered":"Groups"},"content":{"rendered":"<div data-elementor-type=\"wp-page\" data-elementor-id=\"2381\" class=\"elementor elementor-2381\">\n\t\t\t\t\t\t<section class=\"elementor-section elementor-top-section elementor-element elementor-element-e77ca87 elementor-section-boxed elementor-section-height-default elementor-section-height-default\" data-id=\"e77ca87\" data-element_type=\"section\">\n\t\t\t\t\t\t<div class=\"elementor-container elementor-column-gap-default\">\n\t\t\t\t\t<div class=\"elementor-column elementor-col-100 elementor-top-column elementor-element elementor-element-37f87d8\" data-id=\"37f87d8\" data-element_type=\"column\">\n\t\t\t<div class=\"elementor-widget-wrap elementor-element-populated\">\n\t\t\t\t\t\t<div class=\"elementor-element elementor-element-92194ac elementor-widget elementor-widget-polpress_chooseus_tab_item\" data-id=\"92194ac\" data-element_type=\"widget\" data-widget_type=\"polpress_chooseus_tab_item.default\">\n\t\t\t\t<div class=\"elementor-widget-container\">\n\t\t\t\t\t            <div class=\"row clearfix\">\n                <div class=\"col-lg-6 col-md-12 col-sm-12 image-column\">\n                    <figure class=\"image-box mr-0\">\n                        <img fetchpriority=\"high\" decoding=\"async\" width=\"1350\" height=\"1080\" src=\"https:\/\/daigakatrina.com\/wp-content\/uploads\/2023\/07\/identitates_izpete.jpg\" class=\"attachment-full size-full\" alt=\"Daiga Katr\u012bna Bit\u0113na, psihologs R\u012bg\u0101, psihologs, Psihoterapeits, terapeits, labs terapeits\" \/>                    <\/figure>\n                <\/div>\n                <div class=\"col-lg-6 col-md-12 col-sm-12 content-column\">\n                    <div class=\"content_block_5\">\n                        <div class=\"content-box\">\n                            <h2>\"Identity exploration\"<\/h2>\n                            <h3>Dates for the next group are currently unknown<\/h3>\n                            <p>A one-day group workshop in which participants are encouraged to become aware of their Self through mini-lectures and practical exercises. The workshop can help to take real steps towards authenticity and understanding how to organise needs, values, interests, passions, life goals, relationships with peers and societal norms. Held in the centre of Riga, in person from 10:00 to 17:30.<\/p>\n                                                            <a href=\"https:\/\/daigakatrina.com\/en\/identitates-izpete\/\"   class=\"theme-btn btn-two\">Find out more<\/a>\n                                                    <\/div>\n                    <\/div>\n                <\/div>\n            <\/div>\n        \t\t\t\t<\/div>\n\t\t\t\t<\/div>\n\t\t\t\t\t<\/div>\n\t\t<\/div>\n\t\t\t\t\t<\/div>\n\t\t<\/section>\n\t\t\t\t<section class=\"elementor-section elementor-top-section elementor-element elementor-element-5594757 elementor-section-full_width elementor-section-height-default elementor-section-height-default\" data-id=\"5594757\" data-element_type=\"section\">\n\t\t\t\t\t\t<div class=\"elementor-container elementor-column-gap-default\">\n\t\t\t\t\t<div class=\"elementor-column elementor-col-100 elementor-top-column elementor-element elementor-element-59c5053\" data-id=\"59c5053\" data-element_type=\"column\">\n\t\t\t<div class=\"elementor-widget-wrap elementor-element-populated\">\n\t\t\t\t\t\t<div class=\"elementor-element elementor-element-db8b287 elementor-widget elementor-widget-polpress_cta\" data-id=\"db8b287\" data-element_type=\"widget\" data-widget_type=\"polpress_cta.default\">\n\t\t\t\t<div class=\"elementor-widget-container\">\n\t\t\t\t\t      <!-- cta-section -->\n      <section class=\"cta-section bg-color-2\">\n        <span class=\"title-one\">GROUP<\/span>\n        <span class=\"title-two\">Events<\/span>\n        <div class=\"auto-container\">\n          <div class=\"inner-box clearfix\">\n            <div class=\"text pull-left\">\n              <h2><i class=\"flaticon-brain\"><\/i>Apply at <span>for classes<\/span> <br\/>groups.<\/h2>\n            <\/div>\n            <div class=\"btn-box pull-right\">\n              <a href=\"https:\/\/daigakatrina.com\/en\/kontakti\/\"   class=\"theme-btn btn-one\">Log in<\/a>\n              <a href=\"https:\/\/daigakatrina.com\/en\/kontakti\/\"   class=\"theme-btn btn-three\">Find out more<\/a>\n            <\/div>\n          <\/div>\n        <\/div>\n      <\/section>\n      <!-- cta-section end -->\n    \t\t\t\t<\/div>\n\t\t\t\t<\/div>\n\t\t\t\t\t<\/div>\n\t\t<\/div>\n\t\t\t\t\t<\/div>\n\t\t<\/section>\n\t\t\t\t<section class=\"elementor-section elementor-top-section elementor-element elementor-element-01116d9 elementor-section-boxed elementor-section-height-default elementor-section-height-default\" data-id=\"01116d9\" data-element_type=\"section\">\n\t\t\t\t\t\t<div class=\"elementor-container elementor-column-gap-default\">\n\t\t\t\t\t<div class=\"elementor-column elementor-col-100 elementor-top-column elementor-element elementor-element-e315e1b\" data-id=\"e315e1b\" data-element_type=\"column\">\n\t\t\t<div class=\"elementor-widget-wrap elementor-element-populated\">\n\t\t\t\t\t\t<div class=\"elementor-element elementor-element-1a11796 elementor-widget elementor-widget-polpress_chooseus_tab_item\" data-id=\"1a11796\" data-element_type=\"widget\" data-widget_type=\"polpress_chooseus_tab_item.default\">\n\t\t\t\t<div class=\"elementor-widget-container\">\n\t\t\t\t\t            <div class=\"row clearfix\">\n                <div class=\"col-lg-6 col-md-12 col-sm-12 image-column\">\n                    <figure class=\"image-box mr-0\">\n                        <img decoding=\"async\" width=\"1350\" height=\"1080\" src=\"https:\/\/daigakatrina.com\/wp-content\/uploads\/2023\/07\/ingegracijas_kurss.jpg\" class=\"attachment-full size-full\" alt=\"Daiga Katr\u012bna Bit\u0113na, psihologs R\u012bg\u0101, psihologs, Psihoterapeits, terapeits, labs terapeits\" \/>                    <\/figure>\n                <\/div>\n                <div class=\"col-lg-6 col-md-12 col-sm-12 content-column\">\n                    <div class=\"content_block_5\">\n                        <div class=\"content-box\">\n                            <h2>\"Integration course\"<\/h2>\n                            <h3>Dates for the next group are currently unknown<\/h3>\n                            <p>A series of 10 classes in a closed group. Designed for those who want to develop a deeper understanding of how spirituality fits into the total development of the human being? What determines the psychological health and unhealthiness of the spiritual path? How to emotionally process spiritual experiences and altered states of consciousness.<\/p>\n                                                            <a href=\"https:\/\/daigakatrina.com\/en\/integracijas-kurss\/\"   class=\"theme-btn btn-two\">Find out more<\/a>\n                                                    <\/div>\n                    <\/div>\n                <\/div>\n            <\/div>\n        \t\t\t\t<\/div>\n\t\t\t\t<\/div>\n\t\t\t\t\t<\/div>\n\t\t<\/div>\n\t\t\t\t\t<\/div>\n\t\t<\/section>\n\t\t\t\t<section class=\"elementor-section elementor-top-section elementor-element elementor-element-90aaca9 elementor-section-full_width elementor-section-height-default elementor-section-height-default\" data-id=\"90aaca9\" data-element_type=\"section\">\n\t\t\t\t\t\t<div class=\"elementor-container elementor-column-gap-default\">\n\t\t\t\t\t<div class=\"elementor-column elementor-col-100 elementor-top-column elementor-element elementor-element-da24951\" data-id=\"da24951\" data-element_type=\"column\">\n\t\t\t<div class=\"elementor-widget-wrap elementor-element-populated\">\n\t\t\t\t\t\t<div class=\"elementor-element elementor-element-fbfb239 elementor-widget__width-inherit elementor-widget elementor-widget-polpress_video\" data-id=\"fbfb239\" data-element_type=\"widget\" data-widget_type=\"polpress_video.default\">\n\t\t\t\t<div class=\"elementor-widget-container\">\n\t\t\t\t\t    <!-- video-section -->\n    <section class=\"video-section centred\" style=\"background-image: url(https:\/\/daigakatrina.com\/wp-content\/uploads\/2023\/07\/Daiga-katrina.png);\">\n      <div class=\"auto-container\">\n        <div class=\"sec-title light centred\">\n          <i class=\"flaticon-brain-1\"><\/i>\n          <h6>GROUP<\/h6>\n        <\/div>\n        <div class=\"inner-box\">\n          <h2>Why is a group an option?<\/h2>\n          <div class=\"video-btn\">\n            <a class=\"popup-youtube\" href=\"https:\/\/www.youtube.com\/watch?v=v1A-2lPWC1E\"   data-caption=\"\"><i class=\"flaticon-play-button-1\"><\/i><\/a>\n          <\/div>\n        <\/div>\n      <\/div>\n    <\/section>\n    <!-- video-section end -->\n\t\t\t\t<\/div>\n\t\t\t\t<\/div>\n\t\t\t\t\t<\/div>\n\t\t<\/div>\n\t\t\t\t\t<\/div>\n\t\t<\/section>\n\t\t\t\t<\/div>","protected":false},"excerpt":{"rendered":"<p>\"Identity Exploration\" Dates of the next group are currently unknown One-day group [...]<\/p>","protected":false},"author":1,"featured_media":972,"parent":0,"menu_order":0,"comment_status":"closed","ping_status":"closed","template":"elementor_header_footer","meta":{"footnotes":"","_links_to":"","_links_to_target":""},"class_list":["post-2381","page","type-page","status-publish","has-post-thumbnail","hentry"],"_links":{"self":[{"href":"https:\/\/daigakatrina.com\/en\/wp-json\/wp\/v2\/pages\/2381","targetHints":{"allow":["GET"]}}],"collection":[{"href":"https:\/\/daigakatrina.com\/en\/wp-json\/wp\/v2\/pages"}],"about":[{"href":"https:\/\/daigakatrina.com\/en\/wp-json\/wp\/v2\/types\/page"}],"author":[{"embeddable":true,"href":"https:\/\/daigakatrina.com\/en\/wp-json\/wp\/v2\/users\/1"}],"replies":[{"embeddable":true,"href":"https:\/\/daigakatrina.com\/en\/wp-json\/wp\/v2\/comments?post=2381"}],"version-history":[{"count":20,"href":"https:\/\/daigakatrina.com\/en\/wp-json\/wp\/v2\/pages\/2381\/revisions"}],"predecessor-version":[{"id":5679,"href":"https:\/\/daigakatrina.com\/en\/wp-json\/wp\/v2\/pages\/2381\/revisions\/5679"}],"wp:featuredmedia":[{"embeddable":true,"href":"https:\/\/daigakatrina.com\/en\/wp-json\/wp\/v2\/media\/972"}],"wp:attachment":[{"href":"https:\/\/daigakatrina.com\/en\/wp-json\/wp\/v2\/media?parent=2381"}],"curies":[{"name":"wp","href":"https:\/\/api.w.org\/{rel}","templated":true}]}}