{"id":2383,"date":"2023-07-14T12:13:20","date_gmt":"2023-07-14T12:13:20","guid":{"rendered":"https:\/\/rth.jzu.mybluehost.me\/website_8880be76\/?page_id=2383"},"modified":"2024-03-18T09:09:09","modified_gmt":"2024-03-18T09:09:09","slug":"online-kursi","status":"publish","type":"page","link":"https:\/\/daigakatrina.com\/en\/online-kursi\/","title":{"rendered":"Online courses"},"content":{"rendered":"<div data-elementor-type=\"wp-page\" data-elementor-id=\"2383\" class=\"elementor elementor-2383\">\n\t\t\t\t\t\t<section class=\"elementor-section elementor-top-section elementor-element elementor-element-e8d104e elementor-section-boxed elementor-section-height-default elementor-section-height-default\" data-id=\"e8d104e\" data-element_type=\"section\">\n\t\t\t\t\t\t<div class=\"elementor-container elementor-column-gap-default\">\n\t\t\t\t\t<div class=\"elementor-column elementor-col-100 elementor-top-column elementor-element elementor-element-0d08304\" data-id=\"0d08304\" data-element_type=\"column\">\n\t\t\t<div class=\"elementor-widget-wrap elementor-element-populated\">\n\t\t\t\t\t\t<div class=\"elementor-element elementor-element-b240ed8 elementor-widget elementor-widget-spacer\" data-id=\"b240ed8\" data-element_type=\"widget\" data-widget_type=\"spacer.default\">\n\t\t\t\t<div class=\"elementor-widget-container\">\n\t\t\t\t\t\t\t<div class=\"elementor-spacer\">\n\t\t\t<div class=\"elementor-spacer-inner\"><\/div>\n\t\t<\/div>\n\t\t\t\t\t\t<\/div>\n\t\t\t\t<\/div>\n\t\t\t\t<div class=\"elementor-element elementor-element-8c2a37a elementor-widget elementor-widget-heading\" data-id=\"8c2a37a\" data-element_type=\"widget\" data-widget_type=\"heading.default\">\n\t\t\t\t<div class=\"elementor-widget-container\">\n\t\t\t\t\t<h1 class=\"elementor-heading-title elementor-size-default\">Programme of online events<\/h1>\t\t\t\t<\/div>\n\t\t\t\t<\/div>\n\t\t\t\t\t<\/div>\n\t\t<\/div>\n\t\t\t\t\t<\/div>\n\t\t<\/section>\n\t\t\t\t<section class=\"elementor-section elementor-top-section elementor-element elementor-element-36b8aec elementor-section-boxed elementor-section-height-default elementor-section-height-default\" data-id=\"36b8aec\" data-element_type=\"section\">\n\t\t\t\t\t\t<div class=\"elementor-container elementor-column-gap-default\">\n\t\t\t\t\t<div class=\"elementor-column elementor-col-50 elementor-top-column elementor-element elementor-element-349a472\" data-id=\"349a472\" data-element_type=\"column\">\n\t\t\t<div class=\"elementor-widget-wrap elementor-element-populated\">\n\t\t\t\t\t\t<div class=\"elementor-element elementor-element-f28a2bc elementor-widget elementor-widget-text-editor\" data-id=\"f28a2bc\" data-element_type=\"widget\" data-widget_type=\"text-editor.default\">\n\t\t\t\t<div class=\"elementor-widget-container\">\n\t\t\t\t\t\t\t\t\t<p>23.01.2024 17:00-19:00<\/p><p>Online lesson (2 h 35 min.)\u00a0<\/p><p><strong>Maturity of identity and sense of self: a prerequisite for a psychologically healthy spirituality<\/strong><br \/><a style=\"background-color: #ffffff;\" href=\"https:\/\/rth.jzu.mybluehost.me\/website_8880be76\/identitates-un-es-izjutas-briedums\/\" target=\"_blank\" rel=\"noopener\"><b>Recording available<\/b><\/a><\/p><p>\u00a0<\/p><p>20.02.2024, 17:00-19:00<\/p><p>Online lesson (1 h 15 min.)<\/p><p><strong>What makes life meaningful, and how to find it?<\/strong><\/p><p><a style=\"background-color: #ffffff;\" href=\"https:\/\/rth.jzu.mybluehost.me\/website_8880be76\/dzives-jegas-izjuta\" target=\"_blank\" rel=\"noopener\"><span style=\"font-weight: bold;\">Recording available<\/span><\/a><\/p><p>\u00a0<\/p><p>19.03.2024, 17:00-19:00<\/p><p>Free webinar (recording publication)<\/p><p><strong>The role of spirituality in the context of human needs<\/strong><\/p><p><a style=\"background-color: #ffffff;\" href=\"https:\/\/forms.gle\/Pnpna5kcfguh21Xz8\" target=\"_blank\" rel=\"noopener\"><span style=\"font-weight: bold;\">Log in<\/span><\/a><\/p><p>\u00a0<\/p><p>23.04.2024 17:00-19:00<\/p><p>Free webinar (recording publication)<\/p><p><strong>What is a psychologically healthy person and how do you become one?<\/strong><\/p><p><a style=\"background-color: #ffffff;\" href=\"https:\/\/forms.gle\/Pnpna5kcfguh21Xz8\" target=\"_blank\" rel=\"noopener\"><span style=\"font-weight: bold;\">Log in<\/span><\/a><\/p><p>\u00a0<\/p><p>21.05.2024, 17:00-19:00\u00a0<\/p><p>Free webinar<\/p><p><strong>The role of spirituality in the context of human psychological development<\/strong><\/p><p><a style=\"background-color: #ffffff;\" href=\"https:\/\/forms.gle\/Pnpna5kcfguh21Xz8\" target=\"_blank\" rel=\"noopener\"><span style=\"font-weight: bold;\">Log in<\/span><\/a><\/p><p>\u00a0<\/p><p>18.06.2024, 17:00-19:00<\/p><p>Free webinar<\/p><p><strong>A clear value system as a reference point for a fulfilled life<\/strong><\/p><p><span style=\"background-color: #ffffff; font-weight: bold;\"><a style=\"background-color: #ffffff;\" href=\"https:\/\/forms.gle\/Pnpna5kcfguh21Xz8\" target=\"_blank\" rel=\"noopener\">Log in<\/a><\/span><\/p>\t\t\t\t\t\t\t\t<\/div>\n\t\t\t\t<\/div>\n\t\t\t\t<div class=\"elementor-element elementor-element-f374ec0 elementor-widget elementor-widget-spacer\" data-id=\"f374ec0\" data-element_type=\"widget\" data-widget_type=\"spacer.default\">\n\t\t\t\t<div class=\"elementor-widget-container\">\n\t\t\t\t\t\t\t<div class=\"elementor-spacer\">\n\t\t\t<div class=\"elementor-spacer-inner\"><\/div>\n\t\t<\/div>\n\t\t\t\t\t\t<\/div>\n\t\t\t\t<\/div>\n\t\t\t\t\t<\/div>\n\t\t<\/div>\n\t\t\t\t<div class=\"elementor-column elementor-col-50 elementor-top-column elementor-element elementor-element-682cdf4\" data-id=\"682cdf4\" data-element_type=\"column\">\n\t\t\t<div class=\"elementor-widget-wrap elementor-element-populated\">\n\t\t\t\t\t\t<div class=\"elementor-element elementor-element-7854a27 elementor-widget elementor-widget-text-editor\" data-id=\"7854a27\" data-element_type=\"widget\" data-widget_type=\"text-editor.default\">\n\t\t\t\t<div class=\"elementor-widget-container\">\n\t\t\t\t\t\t\t\t\t<p><span style=\"color: #83838b; font-family: 'Open Sans', sans-serif;\">All online events can be visited <strong>free of charge<\/strong>.\u00a0<\/span><\/p><p>\u00a0<\/p><p>Participants who have filled in the application form will receive the event record in their emails within 24 hours after the event. The recordings are available for free viewing 72 h after the event.\u00a0<\/p><p>\u00a0<\/p><p>Afterwards, 30-day access to recordings of selected webinars, accompanied by related practice and in-depth blog articles, can be purchased at\u00a0<a style=\"background-color: #ffffff;\" href=\"https:\/\/rth.jzu.mybluehost.me\/website_8880be76\/lekcijas\" target=\"_blank\" rel=\"noopener\"><b>\"Lectures\"<\/b><\/a>.<\/p><p>\u00a0<\/p><p><a href=\"https:\/\/rth.jzu.mybluehost.me\/website_8880be76\/online-kursi\/#abonements\"><strong>Subscriptions<\/strong><\/a> All previously published material is available in\u00a0<a style=\"background-color: #ffffff;\" href=\"https:\/\/rth.jzu.mybluehost.me\/website_8880be76\/lekcijas\" target=\"_blank\" rel=\"noopener\"><span style=\"font-weight: bold;\">\"Lectures\"<\/span><\/a>, <a href=\"https:\/\/rth.jzu.mybluehost.me\/website_8880be76\/prakses\/\" target=\"_blank\" rel=\"noopener\"><strong>\"Practices\"<\/strong><\/a> and <a href=\"https:\/\/rth.jzu.mybluehost.me\/website_8880be76\/blogs\/\" target=\"_blank\" rel=\"noopener\"><strong>\"Blogs\"<\/strong><\/a>.<\/p><p>\u00a0<\/p><p>By purchasing a subscription you not only get access to all the content published on the site, but also support my work in the field of psychology and psychologically healthy spirituality.<\/p>\t\t\t\t\t\t\t\t<\/div>\n\t\t\t\t<\/div>\n\t\t\t\t\t<\/div>\n\t\t<\/div>\n\t\t\t\t\t<\/div>\n\t\t<\/section>\n\t\t\t\t<section class=\"elementor-section elementor-top-section elementor-element elementor-element-f72dba1 elementor-section-boxed elementor-section-height-default elementor-section-height-default\" data-id=\"f72dba1\" data-element_type=\"section\">\n\t\t\t\t\t\t<div class=\"elementor-container elementor-column-gap-default\">\n\t\t\t\t\t<div class=\"elementor-column elementor-col-100 elementor-top-column elementor-element elementor-element-36a32f0\" data-id=\"36a32f0\" data-element_type=\"column\">\n\t\t\t<div class=\"elementor-widget-wrap elementor-element-populated\">\n\t\t\t\t\t\t<div class=\"elementor-element elementor-element-7f5f2e6 elementor-widget elementor-widget-menu-anchor\" data-id=\"7f5f2e6\" data-element_type=\"widget\" data-widget_type=\"menu-anchor.default\">\n\t\t\t\t<div class=\"elementor-widget-container\">\n\t\t\t\t\t\t\t<div class=\"elementor-menu-anchor\" id=\"abonements\"><\/div>\n\t\t\t\t\t\t<\/div>\n\t\t\t\t<\/div>\n\t\t\t\t<div class=\"elementor-element elementor-element-50e420e elementor-widget elementor-widget-polpress_pricing\" data-id=\"50e420e\" data-element_type=\"widget\" data-widget_type=\"polpress_pricing.default\">\n\t\t\t\t<div class=\"elementor-widget-container\">\n\t\t\t\t\t\t\t\t<!-- pricing-section -->\n\t\t\t<section class=\"pricing-section alternate-2\">\n\t\t\t\t<div class=\"auto-container\">\n\t\t\t\t\t<div class=\"sec-title centred\">\n\t\t\t\t\t\t<i class=\"flaticon-brain-1\"><\/i>\n\t\t\t\t\t\t<h6>NEW CONTENT EVERY MONTH<\/h6>\n\t\t\t\t\t\t<h2>Subscriptions<\/h2>\n\t\t\t\t\t<\/div>\n\t\t\t\t\t<div class=\"row clearfix\">\n\t\t\t\t\t\t\t\t\t\t\t\t\t<div class=\"col-lg-3 col-md-6 col-sm-12 pricing-block\">\n\t\t\t\t\t\t\t\t<div class=\"pricing-block-one  wow fadeInUp animated\" data-wow-delay=\"00ms\" data-wow-duration=\"1500ms\">\n\t\t\t\t\t\t\t\t\t<div class=\"pricing-table\">\n\t\t\t\t\t\t\t\t\t\t<div class=\"table-header\">\n\t\t\t\t\t\t\t\t\t\t\t<h5>One month subscription<\/h5>\n\t\t\t\t\t\t\t\t\t\t<\/div>\n\t\t\t\t\t\t\t\t\t\t<div class=\"table-content\">\n\t\t\t\t\t\t\t\t\t\t\t<h2>\u20ac 36,00<\/h2>\n\t\t\t\t\t\t\t\t\t\t\t<ul class=\"featured-list clearfix\">\n\t\t\t\t\t\t\t\t\t\t\t\tAutomatic subscription renewal\n<br><br> Access to all material in the \"Lectures\", \"Internships\" and \"Blog\" sections\t\t\t\t\t\t\t\t\t\t\t<\/ul>\n\t\t\t\t\t\t\t\t\t\t\t<div class=\"btn-box\">\n\t\t\t\t\t\t\t\t\t\t\t\t<a href=\"https:\/\/rth.jzu.mybluehost.me\/website_8880be76\/register\/menesa-abonements\/\" target=\"_blank\"  class=\"theme-btn btn-two\">Buy at<\/a>\n\t\t\t\t\t\t\t\t\t\t\t<\/div>\n\t\t\t\t\t\t\t\t\t\t<\/div>\n\t\t\t\t\t\t\t\t\t<\/div>\n\t\t\t\t\t\t\t\t<\/div>\n\t\t\t\t\t\t\t<\/div>\n\t\t\t\t\t\t\t\t\t\t\t\t\t<div class=\"col-lg-3 col-md-6 col-sm-12 pricing-block\">\n\t\t\t\t\t\t\t\t<div class=\"pricing-block-one  wow fadeInUp animated\" data-wow-delay=\"00ms\" data-wow-duration=\"1500ms\">\n\t\t\t\t\t\t\t\t\t<div class=\"pricing-table\">\n\t\t\t\t\t\t\t\t\t\t<div class=\"table-header\">\n\t\t\t\t\t\t\t\t\t\t\t<h5>Three-month subscription<\/h5>\n\t\t\t\t\t\t\t\t\t\t<\/div>\n\t\t\t\t\t\t\t\t\t\t<div class=\"table-content\">\n\t\t\t\t\t\t\t\t\t\t\t<h2>\u20ac 86,00<\/h2>\n\t\t\t\t\t\t\t\t\t\t\t<ul class=\"featured-list clearfix\">\n\t\t\t\t\t\t\t\t\t\t\t\tAutomatic subscription renewal\n<br><br> Access to all material in the \"Lectures\", \"Internships\" and \"Blog\" sections\n<br><br>20% discount (\u20ac 28,67 per month)\t\t\t\t\t\t\t\t\t\t\t<\/ul>\n\t\t\t\t\t\t\t\t\t\t\t<div class=\"btn-box\">\n\t\t\t\t\t\t\t\t\t\t\t\t<a href=\"https:\/\/rth.jzu.mybluehost.me\/website_8880be76\/register\/tris-menesu-abonements\/\" target=\"_blank\"  class=\"theme-btn btn-two\">Buy at<\/a>\n\t\t\t\t\t\t\t\t\t\t\t<\/div>\n\t\t\t\t\t\t\t\t\t\t<\/div>\n\t\t\t\t\t\t\t\t\t<\/div>\n\t\t\t\t\t\t\t\t<\/div>\n\t\t\t\t\t\t\t<\/div>\n\t\t\t\t\t\t\t\t\t\t\t\t\t<div class=\"col-lg-3 col-md-6 col-sm-12 pricing-block\">\n\t\t\t\t\t\t\t\t<div class=\"pricing-block-one  wow fadeInUp animated\" data-wow-delay=\"00ms\" data-wow-duration=\"1500ms\">\n\t\t\t\t\t\t\t\t\t<div class=\"pricing-table\">\n\t\t\t\t\t\t\t\t\t\t<div class=\"table-header\">\n\t\t\t\t\t\t\t\t\t\t\t<h5>6 months subscription<\/h5>\n\t\t\t\t\t\t\t\t\t\t<\/div>\n\t\t\t\t\t\t\t\t\t\t<div class=\"table-content\">\n\t\t\t\t\t\t\t\t\t\t\t<h2>\u20ac 129,00<\/h2>\n\t\t\t\t\t\t\t\t\t\t\t<ul class=\"featured-list clearfix\">\n\t\t\t\t\t\t\t\t\t\t\t\tAutomatic subscription renewal\n<br><br> Access to all material in the \"Lectures\", \"Internships\" and \"Blog\" sections\n<br><br>40% discount (\u20ac 21,50 per month)\t\t\t\t\t\t\t\t\t\t\t<\/ul>\n\t\t\t\t\t\t\t\t\t\t\t<div class=\"btn-box\">\n\t\t\t\t\t\t\t\t\t\t\t\t<a href=\"https:\/\/rth.jzu.mybluehost.me\/website_8880be76\/register\/sesu-menesu-abonements\/\" target=\"_blank\"  class=\"theme-btn btn-two\">Buy at<\/a>\n\t\t\t\t\t\t\t\t\t\t\t<\/div>\n\t\t\t\t\t\t\t\t\t\t<\/div>\n\t\t\t\t\t\t\t\t\t<\/div>\n\t\t\t\t\t\t\t\t<\/div>\n\t\t\t\t\t\t\t<\/div>\n\t\t\t\t\t\t\t\t\t\t\t\t\t<div class=\"col-lg-3 col-md-6 col-sm-12 pricing-block\">\n\t\t\t\t\t\t\t\t<div class=\"pricing-block-one  wow fadeInUp animated\" data-wow-delay=\"00ms\" data-wow-duration=\"1500ms\">\n\t\t\t\t\t\t\t\t\t<div class=\"pricing-table\">\n\t\t\t\t\t\t\t\t\t\t<div class=\"table-header\">\n\t\t\t\t\t\t\t\t\t\t\t<h5>One-year subscription<\/h5>\n\t\t\t\t\t\t\t\t\t\t<\/div>\n\t\t\t\t\t\t\t\t\t\t<div class=\"table-content\">\n\t\t\t\t\t\t\t\t\t\t\t<h2>\u20ac 172,00<\/h2>\n\t\t\t\t\t\t\t\t\t\t\t<ul class=\"featured-list clearfix\">\n\t\t\t\t\t\t\t\t\t\t\t\tAutomatic subscription renewal\n<br><br> Access to all material in the \"Lectures\", \"Internships\" and \"Blog\" sections\n<br><br>60% discount (\u20ac 14,33 per month)\t\t\t\t\t\t\t\t\t\t\t<\/ul>\n\t\t\t\t\t\t\t\t\t\t\t<div class=\"btn-box\">\n\t\t\t\t\t\t\t\t\t\t\t\t<a href=\"https:\/\/rth.jzu.mybluehost.me\/website_8880be76\/register\/gada-abonements\/\" target=\"_blank\"  class=\"theme-btn btn-two\">Buy at<\/a>\n\t\t\t\t\t\t\t\t\t\t\t<\/div>\n\t\t\t\t\t\t\t\t\t\t<\/div>\n\t\t\t\t\t\t\t\t\t<\/div>\n\t\t\t\t\t\t\t\t<\/div>\n\t\t\t\t\t\t\t<\/div>\n\t\t\t\t\t\t\t\t\t\t\t<\/div>\n\t\t\t\t<\/div>\n\t\t\t<\/section>\n\t\t\t<!-- pricing-section end -->\n\t\t\t\t<\/div>\n\t\t\t\t<\/div>\n\t\t\t\t\t<\/div>\n\t\t<\/div>\n\t\t\t\t\t<\/div>\n\t\t<\/section>\n\t\t\t\t<section class=\"elementor-section elementor-top-section elementor-element elementor-element-bb806d7 elementor-section-boxed elementor-section-height-default elementor-section-height-default\" data-id=\"bb806d7\" data-element_type=\"section\">\n\t\t\t\t\t\t<div class=\"elementor-container elementor-column-gap-default\">\n\t\t\t\t\t<div class=\"elementor-column elementor-col-100 elementor-top-column elementor-element elementor-element-c5a0e79\" data-id=\"c5a0e79\" data-element_type=\"column\">\n\t\t\t<div class=\"elementor-widget-wrap elementor-element-populated\">\n\t\t\t\t\t\t<div class=\"elementor-element elementor-element-451e741 elementor-widget elementor-widget-heading\" data-id=\"451e741\" data-element_type=\"widget\" data-widget_type=\"heading.default\">\n\t\t\t\t<div class=\"elementor-widget-container\">\n\t\t\t\t\t<h1 class=\"elementor-heading-title elementor-size-default\">Lectures<\/h1>\t\t\t\t<\/div>\n\t\t\t\t<\/div>\n\t\t\t\t<div class=\"elementor-element elementor-element-a535a5a elementor-widget elementor-widget-spacer\" data-id=\"a535a5a\" data-element_type=\"widget\" data-widget_type=\"spacer.default\">\n\t\t\t\t<div class=\"elementor-widget-container\">\n\t\t\t\t\t\t\t<div class=\"elementor-spacer\">\n\t\t\t<div class=\"elementor-spacer-inner\"><\/div>\n\t\t<\/div>\n\t\t\t\t\t\t<\/div>\n\t\t\t\t<\/div>\n\t\t\t\t<div class=\"elementor-element elementor-element-f8783d0 elementor-widget elementor-widget-shortcode\" data-id=\"f8783d0\" data-element_type=\"widget\" data-widget_type=\"shortcode.default\">\n\t\t\t\t<div class=\"elementor-widget-container\">\n\t\t\t\t\t\t\t<div class=\"elementor-shortcode\">[mpcs-courses categories=\"lectures\"] <\/div>\n\t\t\t\t\t\t<\/div>\n\t\t\t\t<\/div>\n\t\t\t\t\t<\/div>\n\t\t<\/div>\n\t\t\t\t\t<\/div>\n\t\t<\/section>\n\t\t\t\t<section class=\"elementor-section elementor-top-section elementor-element elementor-element-7b9fc6b elementor-section-boxed elementor-section-height-default elementor-section-height-default\" data-id=\"7b9fc6b\" data-element_type=\"section\">\n\t\t\t\t\t\t<div class=\"elementor-container elementor-column-gap-default\">\n\t\t\t\t\t<div class=\"elementor-column elementor-col-100 elementor-top-column elementor-element elementor-element-5170c51\" data-id=\"5170c51\" data-element_type=\"column\">\n\t\t\t<div class=\"elementor-widget-wrap elementor-element-populated\">\n\t\t\t\t\t\t<div class=\"elementor-element elementor-element-8a13aa4 elementor-widget elementor-widget-spacer\" data-id=\"8a13aa4\" data-element_type=\"widget\" data-widget_type=\"spacer.default\">\n\t\t\t\t<div class=\"elementor-widget-container\">\n\t\t\t\t\t\t\t<div class=\"elementor-spacer\">\n\t\t\t<div class=\"elementor-spacer-inner\"><\/div>\n\t\t<\/div>\n\t\t\t\t\t\t<\/div>\n\t\t\t\t<\/div>\n\t\t\t\t<div class=\"elementor-element elementor-element-9a0003a elementor-widget elementor-widget-heading\" data-id=\"9a0003a\" data-element_type=\"widget\" data-widget_type=\"heading.default\">\n\t\t\t\t<div class=\"elementor-widget-container\">\n\t\t\t\t\t<h1 class=\"elementor-heading-title elementor-size-default\">Internships<\/h1>\t\t\t\t<\/div>\n\t\t\t\t<\/div>\n\t\t\t\t<div class=\"elementor-element elementor-element-b41e6a3 elementor-widget elementor-widget-spacer\" data-id=\"b41e6a3\" data-element_type=\"widget\" data-widget_type=\"spacer.default\">\n\t\t\t\t<div class=\"elementor-widget-container\">\n\t\t\t\t\t\t\t<div class=\"elementor-spacer\">\n\t\t\t<div class=\"elementor-spacer-inner\"><\/div>\n\t\t<\/div>\n\t\t\t\t\t\t<\/div>\n\t\t\t\t<\/div>\n\t\t\t\t<div class=\"elementor-element elementor-element-1ee71ef elementor-widget elementor-widget-shortcode\" data-id=\"1ee71ef\" data-element_type=\"widget\" data-widget_type=\"shortcode.default\">\n\t\t\t\t<div class=\"elementor-widget-container\">\n\t\t\t\t\t\t\t<div class=\"elementor-shortcode\">[mpcs-courses categories=\"internships\"] <\/div>\n\t\t\t\t\t\t<\/div>\n\t\t\t\t<\/div>\n\t\t\t\t\t<\/div>\n\t\t<\/div>\n\t\t\t\t\t<\/div>\n\t\t<\/section>\n\t\t\t\t<section class=\"elementor-section elementor-top-section elementor-element elementor-element-65c0f53 elementor-section-boxed elementor-section-height-default elementor-section-height-default\" data-id=\"65c0f53\" data-element_type=\"section\">\n\t\t\t\t\t\t<div class=\"elementor-container elementor-column-gap-default\">\n\t\t\t\t\t<div class=\"elementor-column elementor-col-100 elementor-top-column elementor-element elementor-element-0615e88\" data-id=\"0615e88\" data-element_type=\"column\">\n\t\t\t<div class=\"elementor-widget-wrap elementor-element-populated\">\n\t\t\t\t\t\t<div class=\"elementor-element elementor-element-878c1f0 elementor-widget elementor-widget-polpress_blog\" data-id=\"878c1f0\" data-element_type=\"widget\" id=\"[tag=&quot;Abonementiem&quot;]\" data-widget_type=\"polpress_blog.default\">\n\t\t\t\t<div class=\"elementor-widget-container\">\n\t\t\t\t\t\n\t\t<!-- news-section -->\n\t\t<section class=\"news-section\">\n\t\t\t<div class=\"auto-container\">\n\t\t\t\t<div class=\"sec-title centred\">\n\t\t\t\t\t<i class=\"flaticon-brain-1\"><\/i>\n\t\t\t\t\t<h6>FOR SUBSCRIPTIONS ONLY<\/h6>\n\t\t\t\t\t<h2>Full access to articles on the blog<\/h2>\n\t\t\t\t<\/div>\n\t\t\t\t<div class=\"row clearfix\">\n\t\t\t\t\t\t\t\t\t<\/div>\n\t\t\t<\/div>\n\t\t<\/section>\n\t\t<!-- news-section end -->\n\t\t\t\t<\/div>\n\t\t\t\t<\/div>\n\t\t\t\t\t<\/div>\n\t\t<\/div>\n\t\t\t\t\t<\/div>\n\t\t<\/section>\n\t\t\t\t<section class=\"elementor-section elementor-top-section elementor-element elementor-element-17c86ef elementor-section-boxed elementor-section-height-default elementor-section-height-default\" data-id=\"17c86ef\" data-element_type=\"section\">\n\t\t\t\t\t\t<div class=\"elementor-container elementor-column-gap-default\">\n\t\t\t\t\t<div class=\"elementor-column elementor-col-100 elementor-top-column elementor-element elementor-element-6de28de\" data-id=\"6de28de\" data-element_type=\"column\">\n\t\t\t<div class=\"elementor-widget-wrap elementor-element-populated\">\n\t\t\t\t\t\t<div class=\"elementor-element elementor-element-9977d70 elementor-widget elementor-widget-menu-anchor\" data-id=\"9977d70\" data-element_type=\"widget\" data-widget_type=\"menu-anchor.default\">\n\t\t\t\t<div class=\"elementor-widget-container\">\n\t\t\t\t\t\t\t<div class=\"elementor-menu-anchor\" id=\"ieteikt\"><\/div>\n\t\t\t\t\t\t<\/div>\n\t\t\t\t<\/div>\n\t\t\t\t<div class=\"elementor-element elementor-element-1a78cd6 elementor-widget elementor-widget-polpress_chooseus_tab_item\" data-id=\"1a78cd6\" data-element_type=\"widget\" data-widget_type=\"polpress_chooseus_tab_item.default\">\n\t\t\t\t<div class=\"elementor-widget-container\">\n\t\t\t\t\t            <div class=\"row clearfix\">\n                <div class=\"col-lg-6 col-md-12 col-sm-12 image-column\">\n                    <figure class=\"image-box mr-0\">\n                        <img fetchpriority=\"high\" decoding=\"async\" width=\"863\" height=\"1080\" src=\"https:\/\/daigakatrina.com\/wp-content\/uploads\/2023\/12\/5M2A1811-1.jpg\" class=\"attachment-full size-full\" alt=\"Daiga Katr\u012bna Bit\u0113na, psihologs R\u012bg\u0101, psihoterapeits, labs terapeits\" \/>                    <\/figure>\n                <\/div>\n                <div class=\"col-lg-6 col-md-12 col-sm-12 content-column\">\n                    <div class=\"content_block_5\">\n                        <div class=\"content-box\">\n                            <h2>Recommend this page to others!<\/h2>\n                            <h3>Get 20% commission on every purchase!<\/h3>\n                            <p>I really appreciate everyone who recommends my content to others. As a thank you for recommending my content, I offer a fair compensation.\n<br><br> To take advantage of this opportunity, you need to become a member of my \"Recommendation Programme\", <a href=\"https:\/\/rth.jzu.mybluehost.me\/website_8880be76\/affiliate-signup\/\"><b>by registering here<\/b><\/a>.\n\nIf you already have a profile on my learning platform, first <a href=\"https:\/\/rth.jzu.mybluehost.me\/website_8880be76\/affiliate-login\/?redirect_to=\/affiliate-signup\/\"><b>login here<\/b><\/a>using your username and password!\n<br><br>By following these steps you will receive a URL link. Send it to people who might be interested in the content I create and you will receive 20% from every purchase made on my website through your link.<\/p>\n                                                            <a href=\"https:\/\/rth.jzu.mybluehost.me\/website_8880be76\/affiliate-login\/\"   class=\"theme-btn btn-two\">Recommend content to others (Sign in)<\/a>\n                                                    <\/div>\n                    <\/div>\n                <\/div>\n            <\/div>\n        \t\t\t\t<\/div>\n\t\t\t\t<\/div>\n\t\t\t\t\t<\/div>\n\t\t<\/div>\n\t\t\t\t\t<\/div>\n\t\t<\/section>\n\t\t\t\t<\/div>","protected":false},"excerpt":{"rendered":"<p>Programme of online events 23.01.2024 17:00-19:00 Online lecture (2 h 35 min.) Maturity of identity and sense of self: a prerequisite for a psychologically healthy spiritualityAvailable [...]<\/p>","protected":false},"author":1,"featured_media":972,"parent":0,"menu_order":0,"comment_status":"closed","ping_status":"closed","template":"elementor_header_footer","meta":{"footnotes":"","_links_to":"","_links_to_target":""},"class_list":["post-2383","page","type-page","status-publish","has-post-thumbnail","hentry"],"_links":{"self":[{"href":"https:\/\/daigakatrina.com\/en\/wp-json\/wp\/v2\/pages\/2383","targetHints":{"allow":["GET"]}}],"collection":[{"href":"https:\/\/daigakatrina.com\/en\/wp-json\/wp\/v2\/pages"}],"about":[{"href":"https:\/\/daigakatrina.com\/en\/wp-json\/wp\/v2\/types\/page"}],"author":[{"embeddable":true,"href":"https:\/\/daigakatrina.com\/en\/wp-json\/wp\/v2\/users\/1"}],"replies":[{"embeddable":true,"href":"https:\/\/daigakatrina.com\/en\/wp-json\/wp\/v2\/comments?post=2383"}],"version-history":[{"count":20,"href":"https:\/\/daigakatrina.com\/en\/wp-json\/wp\/v2\/pages\/2383\/revisions"}],"predecessor-version":[{"id":5473,"href":"https:\/\/daigakatrina.com\/en\/wp-json\/wp\/v2\/pages\/2383\/revisions\/5473"}],"wp:featuredmedia":[{"embeddable":true,"href":"https:\/\/daigakatrina.com\/en\/wp-json\/wp\/v2\/media\/972"}],"wp:attachment":[{"href":"https:\/\/daigakatrina.com\/en\/wp-json\/wp\/v2\/media?parent=2383"}],"curies":[{"name":"wp","href":"https:\/\/api.w.org\/{rel}","templated":true}]}}