{"id":3898,"date":"2023-12-02T14:53:38","date_gmt":"2023-12-02T14:53:38","guid":{"rendered":"https:\/\/rth.jzu.mybluehost.me\/website_8880be76\/thank-you\/"},"modified":"2023-12-07T15:29:14","modified_gmt":"2023-12-07T15:29:14","slug":"thank-you","status":"publish","type":"page","link":"https:\/\/daigakatrina.com\/en\/thank-you\/","title":{"rendered":"Paldies par pirkumu!"},"content":{"rendered":"<p>Maks\u0101jums ir bijis veiksm\u012bgs, un j\u016bsu abonements ir iedota piek\u013cuve saturam.<\/p>\n\n\n\n<p>Lai piek\u013c\u016btu saturam, dodieties uz sada\u013cu <a href=\"https:\/\/daigakatrina.com\/en\/account\/?action=courses\">Courses (<em>Courses<\/em>)<\/a> sav\u0101 profil\u0101 (sekojiet pogai, kur\u0101 min\u0113ts j\u016bsu v\u0101rds, uzv\u0101rds un e-pasts, labaj\u0101 aug\u0161\u0113j\u0101 st\u016br\u012b) vai sada\u013cu <a href=\"https:\/\/daigakatrina.com\/en\/courses\/\">Online courses<\/a> m\u0101jas lap\u0101! Vai ar\u012b atgriezieties taj\u0101 pa\u0161\u0101 satura lap\u0101, kurai v\u0113l\u0113j\u0101ties ieg\u016bt piek\u013cuvi (ar saglab\u0101tu ielogo\u0161an\u0101s funkciju).<\/p>","protected":false},"excerpt":{"rendered":"<p>Maks\u0101jums ir bijis veiksm\u012bgs, un j\u016bsu abonements ir iedota piek\u013cuve saturam. Lai piek\u013c\u016btu saturam, dodieties uz sada\u013cu Kursi (Courses) sav\u0101 [&hellip;]<\/p>","protected":false},"author":1,"featured_media":0,"parent":0,"menu_order":0,"comment_status":"closed","ping_status":"closed","template":"","meta":{"footnotes":"","_links_to":"","_links_to_target":""},"class_list":["post-3898","page","type-page","status-publish","hentry"],"_links":{"self":[{"href":"https:\/\/daigakatrina.com\/en\/wp-json\/wp\/v2\/pages\/3898","targetHints":{"allow":["GET"]}}],"collection":[{"href":"https:\/\/daigakatrina.com\/en\/wp-json\/wp\/v2\/pages"}],"about":[{"href":"https:\/\/daigakatrina.com\/en\/wp-json\/wp\/v2\/types\/page"}],"author":[{"embeddable":true,"href":"https:\/\/daigakatrina.com\/en\/wp-json\/wp\/v2\/users\/1"}],"replies":[{"embeddable":true,"href":"https:\/\/daigakatrina.com\/en\/wp-json\/wp\/v2\/comments?post=3898"}],"version-history":[{"count":3,"href":"https:\/\/daigakatrina.com\/en\/wp-json\/wp\/v2\/pages\/3898\/revisions"}],"predecessor-version":[{"id":4036,"href":"https:\/\/daigakatrina.com\/en\/wp-json\/wp\/v2\/pages\/3898\/revisions\/4036"}],"wp:attachment":[{"href":"https:\/\/daigakatrina.com\/en\/wp-json\/wp\/v2\/media?parent=3898"}],"curies":[{"name":"wp","href":"https:\/\/api.w.org\/{rel}","templated":true}]}}