{"id":4116,"date":"2023-12-15T20:37:29","date_gmt":"2023-12-15T20:37:29","guid":{"rendered":"https:\/\/rth.jzu.mybluehost.me\/website_8880be76\/?page_id=4116"},"modified":"2024-02-21T16:04:50","modified_gmt":"2024-02-21T16:04:50","slug":"kapec-cilvekiem-ir-vajadzigs-garigums-online-lekcija","status":"publish","type":"page","link":"https:\/\/daigakatrina.com\/en\/kapec-cilvekiem-ir-vajadzigs-garigums-online-lekcija\/","title":{"rendered":"Why do people need spirituality? - Online Lecture"},"content":{"rendered":"<div data-elementor-type=\"wp-page\" data-elementor-id=\"4116\" class=\"elementor elementor-4116\">\n\t\t\t\t\t\t<section class=\"elementor-section elementor-top-section elementor-element elementor-element-6a9c2f6 elementor-section-boxed elementor-section-height-default elementor-section-height-default\" data-id=\"6a9c2f6\" data-element_type=\"section\">\n\t\t\t\t\t\t<div class=\"elementor-container elementor-column-gap-default\">\n\t\t\t\t\t<div class=\"elementor-column elementor-col-100 elementor-top-column elementor-element elementor-element-08782c4\" data-id=\"08782c4\" data-element_type=\"column\">\n\t\t\t<div class=\"elementor-widget-wrap elementor-element-populated\">\n\t\t\t\t\t\t<div class=\"elementor-element elementor-element-ed581b0 elementor-widget elementor-widget-spacer\" data-id=\"ed581b0\" data-element_type=\"widget\" data-widget_type=\"spacer.default\">\n\t\t\t\t<div class=\"elementor-widget-container\">\n\t\t\t\t\t\t\t<div class=\"elementor-spacer\">\n\t\t\t<div class=\"elementor-spacer-inner\"><\/div>\n\t\t<\/div>\n\t\t\t\t\t\t<\/div>\n\t\t\t\t<\/div>\n\t\t\t\t<div class=\"elementor-element elementor-element-520bcf0 elementor-widget elementor-widget-polpress_chooseus_tab_item\" data-id=\"520bcf0\" data-element_type=\"widget\" data-widget_type=\"polpress_chooseus_tab_item.default\">\n\t\t\t\t<div class=\"elementor-widget-container\">\n\t\t\t\t\t            <div class=\"row align-items-center clearfix\">\n                <div class=\"col-lg-6 col-md-12 col-sm-12 image-column\">\n                    <figure class=\"image-box\">\n                        <img fetchpriority=\"high\" decoding=\"async\" width=\"1350\" height=\"1080\" src=\"https:\/\/daigakatrina.com\/wp-content\/uploads\/2023\/12\/kapec_cilvekiem_ir_vajadzigs_garigums.jpg\" class=\"attachment-full size-full\" alt=\"K\u0101p\u0113c cilv\u0113kiem ir vajadz\u012bgs gar\u012bgums?\" \/>                    <\/figure>\n                <\/div>\n                <div class=\"col-lg-6 col-md-12 col-sm-12 content-column\">\n                    <div class=\"content_block_2\">\n                        <div class=\"content-box\">\n                            <div class=\"sec-title\">\n                                <h5>Online lecture (1 h 25 min) with supplementary materials<\/h5>\n                                <h2>Why do people need spirituality?<\/h2>\n                            <\/div>\n                            <div class=\"text\">\n                                <h3>Spirituality and religiosity in the context of human psychological functioning.<\/h3>\n                            <\/div>\n                        <\/div>\n                    <\/div>\n                <\/div>\n            <\/div>\n            <!-- chooseus-section end -->\n        \t\t\t\t<\/div>\n\t\t\t\t<\/div>\n\t\t\t\t\t<\/div>\n\t\t<\/div>\n\t\t\t\t\t<\/div>\n\t\t<\/section>\n\t\t\t\t<section class=\"elementor-section elementor-top-section elementor-element elementor-element-d3bb24c elementor-section-full_width elementor-section-stretched elementor-section-height-default elementor-section-height-default\" data-id=\"d3bb24c\" data-element_type=\"section\" data-settings=\"{&quot;stretch_section&quot;:&quot;section-stretched&quot;}\">\n\t\t\t\t\t\t<div class=\"elementor-container elementor-column-gap-default\">\n\t\t\t\t\t<div class=\"elementor-column elementor-col-100 elementor-top-column elementor-element elementor-element-afe84d0\" data-id=\"afe84d0\" data-element_type=\"column\">\n\t\t\t<div class=\"elementor-widget-wrap elementor-element-populated\">\n\t\t\t\t\t\t<div class=\"elementor-element elementor-element-76bd7d8 elementor-widget elementor-widget-polpress_cta\" data-id=\"76bd7d8\" data-element_type=\"widget\" data-widget_type=\"polpress_cta.default\">\n\t\t\t\t<div class=\"elementor-widget-container\">\n\t\t\t\t\t      <!-- cta-section -->\n      <section class=\"cta-section bg-color-2\">\n        <span class=\"title-one\">Spirituality<\/span>\n        <span class=\"title-two\">Religious<\/span>\n        <div class=\"auto-container\">\n          <div class=\"inner-box clearfix\">\n            <div class=\"text pull-left\">\n              <h2><i class=\"flaticon-brain\"><\/i>Access <span>lectures<\/span> <br\/>materials.<\/h2>\n            <\/div>\n            <div class=\"btn-box pull-right\">\n              <a href=\"https:\/\/rth.jzu.mybluehost.me\/website_8880be76\/kapec-cilvekiem-ir-vajadzigs-garigums-online-lekcija\/#pirktgar\" target=\"_blank\"  class=\"theme-btn btn-one\">Buy, \u20ac 30,00<\/a>\n              <a href=\"https:\/\/rth.jzu.mybluehost.me\/website_8880be76\/courses\/kapec-cilvekiem-ir-vajadzigs-garigums-lekcija\/\" target=\"_blank\"  class=\"theme-btn btn-three\">Subscriptions<\/a>\n            <\/div>\n          <\/div>\n        <\/div>\n      <\/section>\n      <!-- cta-section end -->\n    \t\t\t\t<\/div>\n\t\t\t\t<\/div>\n\t\t\t\t\t<\/div>\n\t\t<\/div>\n\t\t\t\t\t<\/div>\n\t\t<\/section>\n\t\t\t\t<section class=\"elementor-section elementor-top-section elementor-element elementor-element-92ed661 elementor-section-boxed elementor-section-height-default elementor-section-height-default\" data-id=\"92ed661\" data-element_type=\"section\">\n\t\t\t\t\t\t<div class=\"elementor-container elementor-column-gap-default\">\n\t\t\t\t\t<div class=\"elementor-column elementor-col-100 elementor-top-column elementor-element elementor-element-3a807c5\" data-id=\"3a807c5\" data-element_type=\"column\">\n\t\t\t<div class=\"elementor-widget-wrap elementor-element-populated\">\n\t\t\t\t\t\t<div class=\"elementor-element elementor-element-9426593 elementor-widget elementor-widget-polpress_faq\" data-id=\"9426593\" data-element_type=\"widget\" data-widget_type=\"polpress_faq.default\">\n\t\t\t\t<div class=\"elementor-widget-container\">\n\t\t\t\t\t        <!-- faq-section -->\n        <section class=\"faq-section\">\n            <div class=\"auto-container\">\n                <div class=\"row align-items-center clearfix\">\n                    <div class=\"col-lg-6 col-md-12 col-sm-12 content-column\">\n                        <div class=\"content_block_6\">\n                            <div class=\"content-box\">\n                                <div class=\"sec-title\">\n                                    <i class=\"flaticon-brain-1\"><\/i>\n                                    <h6>ABOUT THE LECTURE<\/h6>\n                                    <h2>Spirituality and religiosity from a psychological perspective<\/h2>\n                                <\/div>\n                                <div class=\"text\">\n                                    <p>An informative and educational lecture with supplementary materials (practices and articles) on the purpose of spirituality and religiosity in human life and how they can help to organise everyday life. A knowledge and evidence-based approach to exploring the topic of spirituality and religiosity. <\/p>\n                                <\/div>\n                                <figure class=\"image-box\">\n                                                                    <\/figure>\n                            <\/div>\n                        <\/div>\n                    <\/div>\n                    <div class=\"col-lg-6 col-md-12 col-sm-12 faq-column\">\n                        <ul class=\"accordion-box\">\n                                                            <li class=\"accordion block active-block\">\n                                    <div class=\"acc-btn active\">\n                                        <div class=\"icon-outer\"><i class=\"far fa-plus\"><\/i><\/div>\n                                        <h5>Why is this lecture worth listening to?<\/h5>\n                                    <\/div>\n                                    <div class=\"acc-content current\">\n                                        <div class=\"content-box\">\n                                            <p>This lecture is worth listening to:\n<br><br>To understand ourselves more and to gain a sense of peace that the pursuit of spirituality is a natural, even psychologically necessary process.\n\n<br><br>To understand more about our fellow human beings, who are paying more attention to spirituality and religiosity. To understand what they get out of it and what is their need for it?\n\n<br><br>If you work in a professional setting (e.g. as a psychologist, therapist, coach, mentor, etc.), you may encounter clients who raise existential, spiritual questions.<\/p>\n                                        <\/div>\n                                    <\/div>\n                                <\/li>\n                                                            <li class=\"accordion block\">\n                                    <div class=\"acc-btn\">\n                                        <div class=\"icon-outer\"><i class=\"far fa-plus\"><\/i><\/div>\n                                        <h5>What topics are covered in the lecture?<\/h5>\n                                    <\/div>\n                                    <div class=\"acc-content\">\n                                        <div class=\"content-box\">\n                                            <p>The lecture covers the following topics:\n<br><br>Spirituality and religiosity in the context of contemporary psychology - what does and does not psychology study, and what questions can psychology help to address in spiritual and religious contexts?\n<br><br>A brief history of spirituality in psychology - for a big picture understanding of the place of spirituality and religiosity in psychology and attitudes towards them.\n<br><br>The three psychological functions of spirituality and religiosity - an exploration of what purpose does spirituality and religiosity serve in human life? How can they help to organise everyday life?<\/p>\n                                        <\/div>\n                                    <\/div>\n                                <\/li>\n                                                            <li class=\"accordion block\">\n                                    <div class=\"acc-btn\">\n                                        <div class=\"icon-outer\"><i class=\"far fa-plus\"><\/i><\/div>\n                                        <h5>What is included in the lecture materials?<\/h5>\n                                    <\/div>\n                                    <div class=\"acc-content\">\n                                        <div class=\"content-box\">\n                                            <p>Lecture materials include:\n\n\n<br><br>Lectures \"Why do people need spirituality?\" recording (1.5 h).\n\n<br><br>Lectures \"Why do people need spirituality?\" recording of the Q&amp;A session (9 min.).\n\n<br><br>Practice recognising and strengthening the role of spirituality in your life.\n\n<br><br>Articles related to the topic of the lecture:\n<br>Perceptions of spirituality in contemporary psychology;\n<br>Spirituality in the context of psychology - a brief history;\n<br>Spirituality and religiosity can help to overcome moments of anxiety;\n<br>How can spirituality help us achieve our goals?\n<br>Spirituality as a source of meaning and motivation.\n\n<br><br>A list of the sources used for inspiration and in-depth research.\n<\/p>\n                                        <\/div>\n                                    <\/div>\n                                <\/li>\n                                                    <\/ul>\n                    <\/div>\n                <\/div>\n            <\/div>\n        <\/section>\n        <!-- faq-section end -->\n\t\t\t\t<\/div>\n\t\t\t\t<\/div>\n\t\t\t\t\t<\/div>\n\t\t<\/div>\n\t\t\t\t\t<\/div>\n\t\t<\/section>\n\t\t\t\t<section class=\"elementor-section elementor-top-section elementor-element elementor-element-0bd54fd elementor-section-boxed elementor-section-height-default elementor-section-height-default\" data-id=\"0bd54fd\" data-element_type=\"section\">\n\t\t\t\t\t\t<div class=\"elementor-container elementor-column-gap-default\">\n\t\t\t\t\t<div class=\"elementor-column elementor-col-100 elementor-top-column elementor-element elementor-element-6931371\" data-id=\"6931371\" data-element_type=\"column\">\n\t\t\t<div class=\"elementor-widget-wrap elementor-element-populated\">\n\t\t\t\t\t\t<div class=\"elementor-element elementor-element-7b1dda9 elementor-widget elementor-widget-menu-anchor\" data-id=\"7b1dda9\" data-element_type=\"widget\" data-widget_type=\"menu-anchor.default\">\n\t\t\t\t<div class=\"elementor-widget-container\">\n\t\t\t\t\t\t\t<div class=\"elementor-menu-anchor\" id=\"pirktgar\"><\/div>\n\t\t\t\t\t\t<\/div>\n\t\t\t\t<\/div>\n\t\t\t\t<div class=\"elementor-element elementor-element-8b363ad elementor-widget elementor-widget-spacer\" data-id=\"8b363ad\" data-element_type=\"widget\" data-widget_type=\"spacer.default\">\n\t\t\t\t<div class=\"elementor-widget-container\">\n\t\t\t\t\t\t\t<div class=\"elementor-spacer\">\n\t\t\t<div class=\"elementor-spacer-inner\"><\/div>\n\t\t<\/div>\n\t\t\t\t\t\t<\/div>\n\t\t\t\t<\/div>\n\t\t\t\t<div class=\"elementor-element elementor-element-0610b5f elementor-widget elementor-widget-heading\" data-id=\"0610b5f\" data-element_type=\"widget\" data-widget_type=\"heading.default\">\n\t\t\t\t<div class=\"elementor-widget-container\">\n\t\t\t\t\t<h2 class=\"elementor-heading-title elementor-size-default\">Access the lecture material<\/h2>\t\t\t\t<\/div>\n\t\t\t\t<\/div>\n\t\t\t\t<div class=\"elementor-element elementor-element-382644b elementor-widget elementor-widget-spacer\" data-id=\"382644b\" data-element_type=\"widget\" data-widget_type=\"spacer.default\">\n\t\t\t\t<div class=\"elementor-widget-container\">\n\t\t\t\t\t\t\t<div class=\"elementor-spacer\">\n\t\t\t<div class=\"elementor-spacer-inner\"><\/div>\n\t\t<\/div>\n\t\t\t\t\t\t<\/div>\n\t\t\t\t<\/div>\n\t\t\t\t\t<\/div>\n\t\t<\/div>\n\t\t\t\t\t<\/div>\n\t\t<\/section>\n\t\t\t\t<section class=\"elementor-section elementor-top-section elementor-element elementor-element-84edac3 elementor-section-boxed elementor-section-height-default elementor-section-height-default\" data-id=\"84edac3\" data-element_type=\"section\">\n\t\t\t\t\t\t<div class=\"elementor-container elementor-column-gap-default\">\n\t\t\t\t\t<div class=\"elementor-column elementor-col-50 elementor-top-column elementor-element elementor-element-66a8080\" data-id=\"66a8080\" data-element_type=\"column\">\n\t\t\t<div class=\"elementor-widget-wrap elementor-element-populated\">\n\t\t\t\t\t\t<div class=\"elementor-element elementor-element-23af948 elementor-widget elementor-widget-heading\" data-id=\"23af948\" data-element_type=\"widget\" data-widget_type=\"heading.default\">\n\t\t\t\t<div class=\"elementor-widget-container\">\n\t\t\t\t\t<h4 class=\"elementor-heading-title elementor-size-default\">For new users<\/h4>\t\t\t\t<\/div>\n\t\t\t\t<\/div>\n\t\t\t\t<div class=\"elementor-element elementor-element-c629450 elementor-widget elementor-widget-text-editor\" data-id=\"c629450\" data-element_type=\"widget\" data-widget_type=\"text-editor.default\">\n\t\t\t\t<div class=\"elementor-widget-container\">\n\t\t\t\t\t\t\t\t\t<p>To purchase access to the lecture materials, please register with a username and password and pay (\u20ac 30,00)! Then go to <strong><a href=\"https:\/\/rth.jzu.mybluehost.me\/website_8880be76\/account\/?action=courses\" target=\"_blank\" rel=\"noopener\">Courses (<i>Courses<\/i>)!<\/a><\/strong><\/p>\t\t\t\t\t\t\t\t<\/div>\n\t\t\t\t<\/div>\n\t\t\t\t<div class=\"elementor-element elementor-element-63c44bc elementor-widget elementor-widget-heading\" data-id=\"63c44bc\" data-element_type=\"widget\" data-widget_type=\"heading.default\">\n\t\t\t\t<div class=\"elementor-widget-container\">\n\t\t\t\t\t<h5 class=\"elementor-heading-title elementor-size-default\"><a href=\"https:\/\/rth.jzu.mybluehost.me\/website_8880be76\/online-kursi\/#abonements\">More cost-effective with a subscription!<\/a><\/h5>\t\t\t\t<\/div>\n\t\t\t\t<\/div>\n\t\t\t\t<div class=\"elementor-element elementor-element-e541377 elementor-widget elementor-widget-text-editor\" data-id=\"e541377\" data-element_type=\"widget\" data-widget_type=\"text-editor.default\">\n\t\t\t\t<div class=\"elementor-widget-container\">\n\t\t\t\t\t\t\t\t\t<p style=\"caret-color: #000000; color: #000000;\">As a subscriber, you will receive access to the materials in this practice and in the other\u00a0<a href=\"https:\/\/rth.jzu.mybluehost.me\/website_8880be76\/lekcijas\" target=\"_blank\" rel=\"noopener\"><strong>\"Lectures\"<\/strong><\/a>,\u00a0<a href=\"https:\/\/rth.jzu.mybluehost.me\/website_8880be76\/prakses\" target=\"_blank\" rel=\"noopener\"><strong>\"Practices\"<\/strong><\/a>\u00a0and\u00a0<a href=\"https:\/\/rth.jzu.mybluehost.me\/website_8880be76\/blogs\/\" target=\"_blank\" rel=\"noopener\"><strong>\"Blogs\"<\/strong><\/a>.<\/p>\t\t\t\t\t\t\t\t<\/div>\n\t\t\t\t<\/div>\n\t\t\t\t<div class=\"elementor-element elementor-element-9e6107f elementor-widget elementor-widget-button\" data-id=\"9e6107f\" data-element_type=\"widget\" data-widget_type=\"button.default\">\n\t\t\t\t<div class=\"elementor-widget-container\">\n\t\t\t\t\t\t\t\t\t<div class=\"elementor-button-wrapper\">\n\t\t\t\t\t<a class=\"elementor-button elementor-button-link elementor-size-sm\" href=\"https:\/\/rth.jzu.mybluehost.me\/website_8880be76\/online-kursi\/#abonements\" target=\"_blank\">\n\t\t\t\t\t\t<span class=\"elementor-button-content-wrapper\">\n\t\t\t\t\t\t\t\t\t<span class=\"elementor-button-text\">BUY A SUBSCRIPTION<\/span>\n\t\t\t\t\t<\/span>\n\t\t\t\t\t<\/a>\n\t\t\t\t<\/div>\n\t\t\t\t\t\t\t\t<\/div>\n\t\t\t\t<\/div>\n\t\t\t\t<div class=\"elementor-element elementor-element-c772b8f elementor-widget elementor-widget-shortcode\" data-id=\"c772b8f\" data-element_type=\"widget\" data-widget_type=\"shortcode.default\">\n\t\t\t\t<div class=\"elementor-widget-container\">\n\t\t\t\t\t\t\t<div class=\"elementor-shortcode\">[mepr-membership-registration-form id=\"3905\"]<\/div>\n\t\t\t\t\t\t<\/div>\n\t\t\t\t<\/div>\n\t\t\t\t\t<\/div>\n\t\t<\/div>\n\t\t\t\t<div class=\"elementor-column elementor-col-50 elementor-top-column elementor-element elementor-element-ba62250\" data-id=\"ba62250\" data-element_type=\"column\">\n\t\t\t<div class=\"elementor-widget-wrap elementor-element-populated\">\n\t\t\t\t\t\t<div class=\"elementor-element elementor-element-7c24f27 elementor-widget elementor-widget-heading\" data-id=\"7c24f27\" data-element_type=\"widget\" data-widget_type=\"heading.default\">\n\t\t\t\t<div class=\"elementor-widget-container\">\n\t\t\t\t\t<h4 class=\"elementor-heading-title elementor-size-default\">For registered users<\/h4>\t\t\t\t<\/div>\n\t\t\t\t<\/div>\n\t\t\t\t<div class=\"elementor-element elementor-element-43ec031 elementor-widget elementor-widget-text-editor\" data-id=\"43ec031\" data-element_type=\"widget\" data-widget_type=\"text-editor.default\">\n\t\t\t\t<div class=\"elementor-widget-container\">\n\t\t\t\t\t\t\t\t\t<p style=\"caret-color: #000000; color: #000000;\">If you have previously registered on this learning platform but have not purchased access to this particular internship, please log in first, then click\u00a0<a href=\"https:\/\/rth.jzu.mybluehost.me\/website_8880be76\/register\/kapec-cilvekiem-ir-vajadzigs-garigums\/\" target=\"_blank\" rel=\"noopener\"><strong>BUY<\/strong><\/a>\u00a0below and make your payment! After payment, the materials will be available in\u00a0<strong><a href=\"https:\/\/rth.jzu.mybluehost.me\/website_8880be76\/account\/?action=courses\" target=\"_blank\" rel=\"noopener\">Courses (<i>Courses<\/i>).<\/a><\/strong><\/p>\t\t\t\t\t\t\t\t<\/div>\n\t\t\t\t<\/div>\n\t\t\t\t<div class=\"elementor-element elementor-element-8f7f8ba elementor-widget elementor-widget-button\" data-id=\"8f7f8ba\" data-element_type=\"widget\" data-widget_type=\"button.default\">\n\t\t\t\t<div class=\"elementor-widget-container\">\n\t\t\t\t\t\t\t\t\t<div class=\"elementor-button-wrapper\">\n\t\t\t\t\t<a class=\"elementor-button elementor-button-link elementor-size-sm\" href=\"https:\/\/rth.jzu.mybluehost.me\/website_8880be76\/register\/kapec-cilvekiem-ir-vajadzigs-garigums\/\" target=\"_blank\">\n\t\t\t\t\t\t<span class=\"elementor-button-content-wrapper\">\n\t\t\t\t\t\t\t\t\t<span class=\"elementor-button-text\">BUY, \u20ac 30,00<\/span>\n\t\t\t\t\t<\/span>\n\t\t\t\t\t<\/a>\n\t\t\t\t<\/div>\n\t\t\t\t\t\t\t\t<\/div>\n\t\t\t\t<\/div>\n\t\t\t\t<div class=\"elementor-element elementor-element-2e02123 elementor-widget elementor-widget-text-editor\" data-id=\"2e02123\" data-element_type=\"widget\" data-widget_type=\"text-editor.default\">\n\t\t\t\t<div class=\"elementor-widget-container\">\n\t\t\t\t\t\t\t\t\t<p>To access pre-purchased practice materials, or if you are <a href=\"https:\/\/rth.jzu.mybluehost.me\/website_8880be76\/online-kursi\/#abonements\" target=\"_blank\" rel=\"noopener\"><strong>subscriptions<\/strong><\/a>, please log in to the learning platform and go to\u00a0<strong><a href=\"https:\/\/rth.jzu.mybluehost.me\/website_8880be76\/account\/?action=courses\" target=\"_blank\" rel=\"noopener\">Courses (<i>Courses<\/i>)!<\/a><\/strong><\/p>\t\t\t\t\t\t\t\t<\/div>\n\t\t\t\t<\/div>\n\t\t\t\t<div class=\"elementor-element elementor-element-79c9168 elementor-widget elementor-widget-shortcode\" data-id=\"79c9168\" data-element_type=\"widget\" data-widget_type=\"shortcode.default\">\n\t\t\t\t<div class=\"elementor-widget-container\">\n\t\t\t\t\t\t\t<div class=\"elementor-shortcode\">[mepr-login-form use_redirect=\"true\"]<\/div>\n\t\t\t\t\t\t<\/div>\n\t\t\t\t<\/div>\n\t\t\t\t\t<\/div>\n\t\t<\/div>\n\t\t\t\t\t<\/div>\n\t\t<\/section>\n\t\t\t\t<section class=\"elementor-section elementor-top-section elementor-element elementor-element-2890cfd elementor-section-boxed elementor-section-height-default elementor-section-height-default\" data-id=\"2890cfd\" data-element_type=\"section\">\n\t\t\t\t\t\t<div class=\"elementor-container elementor-column-gap-default\">\n\t\t\t\t\t<div class=\"elementor-column elementor-col-100 elementor-top-column elementor-element elementor-element-3e2b288\" data-id=\"3e2b288\" data-element_type=\"column\">\n\t\t\t<div class=\"elementor-widget-wrap elementor-element-populated\">\n\t\t\t\t\t\t<div class=\"elementor-element elementor-element-61169df elementor-widget-divider--view-line elementor-widget elementor-widget-divider\" data-id=\"61169df\" data-element_type=\"widget\" data-widget_type=\"divider.default\">\n\t\t\t\t<div class=\"elementor-widget-container\">\n\t\t\t\t\t\t\t<div class=\"elementor-divider\">\n\t\t\t<span class=\"elementor-divider-separator\">\n\t\t\t\t\t\t<\/span>\n\t\t<\/div>\n\t\t\t\t\t\t<\/div>\n\t\t\t\t<\/div>\n\t\t\t\t\t<\/div>\n\t\t<\/div>\n\t\t\t\t\t<\/div>\n\t\t<\/section>\n\t\t\t\t<section class=\"elementor-section elementor-top-section elementor-element elementor-element-9f8f71e elementor-section-boxed elementor-section-height-default elementor-section-height-default\" data-id=\"9f8f71e\" data-element_type=\"section\">\n\t\t\t\t\t\t<div class=\"elementor-container elementor-column-gap-default\">\n\t\t\t\t\t<div class=\"elementor-column elementor-col-100 elementor-top-column elementor-element elementor-element-bee733a\" data-id=\"bee733a\" data-element_type=\"column\">\n\t\t\t<div class=\"elementor-widget-wrap elementor-element-populated\">\n\t\t\t\t\t\t<div class=\"elementor-element elementor-element-8dc644c elementor-widget elementor-widget-polpress_chooseus_tab_item\" data-id=\"8dc644c\" data-element_type=\"widget\" data-widget_type=\"polpress_chooseus_tab_item.default\">\n\t\t\t\t<div class=\"elementor-widget-container\">\n\t\t\t\t\t            <div class=\"row clearfix\">\n                <div class=\"col-lg-6 col-md-12 col-sm-12 image-column\">\n                    <figure class=\"image-box mr-0\">\n                        <img decoding=\"async\" width=\"864\" height=\"1080\" src=\"https:\/\/daigakatrina.com\/wp-content\/uploads\/2023\/12\/5M2A2018.jpg\" class=\"attachment-full size-full\" alt=\"Daiga Katr\u012bna Bit\u0113na, psihologs R\u012bg\u0101, psihoterapeits, labs terapeits\" \/>                    <\/figure>\n                <\/div>\n                <div class=\"col-lg-6 col-md-12 col-sm-12 content-column\">\n                    <div class=\"content_block_5\">\n                        <div class=\"content-box\">\n                            <h2>Recommend this page to others!<\/h2>\n                            <h3>Get 20% commission on every purchase!<\/h3>\n                            <p>I really appreciate everyone who recommends my content to others. As a thank you for recommending my content, I offer a fair compensation.\n<br><br> To take advantage of this opportunity, you need to become a member of my \"Recommendation Programme\", <a href=\"https:\/\/rth.jzu.mybluehost.me\/website_8880be76\/affiliate-signup\/\"><b>by registering here<\/b><\/a>.\n\nIf you already have a profile on my learning platform, first <a href=\"https:\/\/rth.jzu.mybluehost.me\/website_8880be76\/affiliate-login\/?redirect_to=\/affiliate-signup\/\"><b>login here<\/b><\/a>using your username and password!\n<br><br>By following these steps you will receive a URL link. Send it to people who might be interested in the content I create and you will receive 20% from every purchase made on my website through your link.<\/p>\n                                                            <a href=\"https:\/\/rth.jzu.mybluehost.me\/website_8880be76\/affiliate-login\/\"   class=\"theme-btn btn-two\">recommend content to others (log in)<\/a>\n                                                    <\/div>\n                    <\/div>\n                <\/div>\n            <\/div>\n        \t\t\t\t<\/div>\n\t\t\t\t<\/div>\n\t\t\t\t\t<\/div>\n\t\t<\/div>\n\t\t\t\t\t<\/div>\n\t\t<\/section>\n\t\t\t\t<\/div>","protected":false},"excerpt":{"rendered":"<p>Online lecture (1 h 25 min) with supplementary materials Why do people need spirituality? Spirituality and religiosity in the context of human psychological functioning. [...]<\/p>","protected":false},"author":1,"featured_media":0,"parent":0,"menu_order":0,"comment_status":"closed","ping_status":"closed","template":"elementor_header_footer","meta":{"footnotes":"","_links_to":"","_links_to_target":""},"class_list":["post-4116","page","type-page","status-publish","hentry"],"_links":{"self":[{"href":"https:\/\/daigakatrina.com\/en\/wp-json\/wp\/v2\/pages\/4116","targetHints":{"allow":["GET"]}}],"collection":[{"href":"https:\/\/daigakatrina.com\/en\/wp-json\/wp\/v2\/pages"}],"about":[{"href":"https:\/\/daigakatrina.com\/en\/wp-json\/wp\/v2\/types\/page"}],"author":[{"embeddable":true,"href":"https:\/\/daigakatrina.com\/en\/wp-json\/wp\/v2\/users\/1"}],"replies":[{"embeddable":true,"href":"https:\/\/daigakatrina.com\/en\/wp-json\/wp\/v2\/comments?post=4116"}],"version-history":[{"count":20,"href":"https:\/\/daigakatrina.com\/en\/wp-json\/wp\/v2\/pages\/4116\/revisions"}],"predecessor-version":[{"id":5386,"href":"https:\/\/daigakatrina.com\/en\/wp-json\/wp\/v2\/pages\/4116\/revisions\/5386"}],"wp:attachment":[{"href":"https:\/\/daigakatrina.com\/en\/wp-json\/wp\/v2\/media?parent=4116"}],"curies":[{"name":"wp","href":"https:\/\/api.w.org\/{rel}","templated":true}]}}