{"id":4580,"date":"2023-12-31T17:36:41","date_gmt":"2023-12-31T17:36:41","guid":{"rendered":"https:\/\/rth.jzu.mybluehost.me\/website_8880be76\/?page_id=4580"},"modified":"2024-02-21T16:02:43","modified_gmt":"2024-02-21T16:02:43","slug":"prakses","status":"publish","type":"page","link":"https:\/\/daigakatrina.com\/en\/prakses\/","title":{"rendered":"Internships"},"content":{"rendered":"<div data-elementor-type=\"wp-page\" data-elementor-id=\"4580\" class=\"elementor elementor-4580\">\n\t\t\t\t\t\t<section class=\"elementor-section elementor-top-section elementor-element elementor-element-a0070e7 elementor-section-boxed elementor-section-height-default elementor-section-height-default\" data-id=\"a0070e7\" data-element_type=\"section\">\n\t\t\t\t\t\t<div class=\"elementor-container elementor-column-gap-default\">\n\t\t\t\t\t<div class=\"elementor-column elementor-col-100 elementor-top-column elementor-element elementor-element-67e1898\" data-id=\"67e1898\" data-element_type=\"column\">\n\t\t\t<div class=\"elementor-widget-wrap elementor-element-populated\">\n\t\t\t\t\t\t<div class=\"elementor-element elementor-element-0d9b943 elementor-widget elementor-widget-polpress_chooseus_tab_item\" data-id=\"0d9b943\" data-element_type=\"widget\" data-widget_type=\"polpress_chooseus_tab_item.default\">\n\t\t\t\t<div class=\"elementor-widget-container\">\n\t\t\t\t\t            <div class=\"row align-items-center clearfix\">\n                <div class=\"col-lg-6 col-md-12 col-sm-12 image-column\">\n                    <figure class=\"image-box\">\n                        <img fetchpriority=\"high\" decoding=\"async\" width=\"864\" height=\"1080\" src=\"https:\/\/daigakatrina.com\/wp-content\/uploads\/2023\/12\/5M2A2018.jpg\" class=\"attachment-full size-full\" alt=\"Daiga Katr\u012bna Bit\u0113na, psihologs R\u012bg\u0101, psihoterapeits, labs terapeits\" \/>                    <\/figure>\n                <\/div>\n                <div class=\"col-lg-6 col-md-12 col-sm-12 content-column\">\n                    <div class=\"content_block_2\">\n                        <div class=\"content-box\">\n                            <div class=\"sec-title\">\n                                <h5>independent traineeships and assignments<\/h5>\n                                <h2>For balancing emotional health<\/h2>\n                            <\/div>\n                            <div class=\"text\">\n                                <h3>To support mental health and psychologically healthy spiritual growth.<\/h3>\n                            <\/div>\n                        <\/div>\n                    <\/div>\n                <\/div>\n            <\/div>\n            <!-- chooseus-section end -->\n        \t\t\t\t<\/div>\n\t\t\t\t<\/div>\n\t\t\t\t\t<\/div>\n\t\t<\/div>\n\t\t\t\t\t<\/div>\n\t\t<\/section>\n\t\t\t\t<section class=\"elementor-section elementor-top-section elementor-element elementor-element-d3bb24c elementor-section-full_width elementor-section-stretched elementor-section-height-default elementor-section-height-default\" data-id=\"d3bb24c\" data-element_type=\"section\" data-settings=\"{&quot;stretch_section&quot;:&quot;section-stretched&quot;}\">\n\t\t\t\t\t\t<div class=\"elementor-container elementor-column-gap-default\">\n\t\t\t\t\t<div class=\"elementor-column elementor-col-100 elementor-top-column elementor-element elementor-element-afe84d0\" data-id=\"afe84d0\" data-element_type=\"column\">\n\t\t\t<div class=\"elementor-widget-wrap elementor-element-populated\">\n\t\t\t\t\t\t<div class=\"elementor-element elementor-element-76bd7d8 elementor-widget elementor-widget-polpress_cta\" data-id=\"76bd7d8\" data-element_type=\"widget\" data-widget_type=\"polpress_cta.default\">\n\t\t\t\t<div class=\"elementor-widget-container\">\n\t\t\t\t\t      <!-- cta-section -->\n      <section class=\"cta-section bg-color-2\">\n        <span class=\"title-one\">Practices<\/span>\n        <span class=\"title-two\">Leading to the Deep<\/span>\n        <div class=\"auto-container\">\n          <div class=\"inner-box clearfix\">\n            <div class=\"text pull-left\">\n              <h2><i class=\"flaticon-brain\"><\/i>Retrieved from <span>Access<\/span> <br\/>practice materials<\/h2>\n            <\/div>\n            <div class=\"btn-box pull-right\">\n              <a href=\"#prakses\"   class=\"theme-btn btn-one\">Buy individual practices<\/a>\n              <a href=\"https:\/\/rth.jzu.mybluehost.me\/website_8880be76\/online-kursi\/\" target=\"_blank\"  class=\"theme-btn btn-three\">buy a subscription<\/a>\n            <\/div>\n          <\/div>\n        <\/div>\n      <\/section>\n      <!-- cta-section end -->\n    \t\t\t\t<\/div>\n\t\t\t\t<\/div>\n\t\t\t\t\t<\/div>\n\t\t<\/div>\n\t\t\t\t\t<\/div>\n\t\t<\/section>\n\t\t\t\t<section class=\"elementor-section elementor-top-section elementor-element elementor-element-e3aa8cf elementor-section-boxed elementor-section-height-default elementor-section-height-default\" data-id=\"e3aa8cf\" data-element_type=\"section\">\n\t\t\t\t\t\t<div class=\"elementor-container elementor-column-gap-default\">\n\t\t\t\t\t<div class=\"elementor-column elementor-col-100 elementor-top-column elementor-element elementor-element-27406e1\" data-id=\"27406e1\" data-element_type=\"column\">\n\t\t\t<div class=\"elementor-widget-wrap elementor-element-populated\">\n\t\t\t\t\t\t<div class=\"elementor-element elementor-element-2fd240c elementor-widget elementor-widget-menu-anchor\" data-id=\"2fd240c\" data-element_type=\"widget\" data-widget_type=\"menu-anchor.default\">\n\t\t\t\t<div class=\"elementor-widget-container\">\n\t\t\t\t\t\t\t<div class=\"elementor-menu-anchor\" id=\"prakses\"><\/div>\n\t\t\t\t\t\t<\/div>\n\t\t\t\t<\/div>\n\t\t\t\t\t<\/div>\n\t\t<\/div>\n\t\t\t\t\t<\/div>\n\t\t<\/section>\n\t\t\t\t<section class=\"elementor-section elementor-top-section elementor-element elementor-element-43759ec elementor-section-boxed elementor-section-height-default elementor-section-height-default\" data-id=\"43759ec\" data-element_type=\"section\">\n\t\t\t\t\t\t<div class=\"elementor-container elementor-column-gap-default\">\n\t\t\t\t\t<div class=\"elementor-column elementor-col-100 elementor-top-column elementor-element elementor-element-2e64383\" data-id=\"2e64383\" data-element_type=\"column\">\n\t\t\t<div class=\"elementor-widget-wrap elementor-element-populated\">\n\t\t\t\t\t\t<div class=\"elementor-element elementor-element-a93e390 elementor-widget elementor-widget-spacer\" data-id=\"a93e390\" data-element_type=\"widget\" data-widget_type=\"spacer.default\">\n\t\t\t\t<div class=\"elementor-widget-container\">\n\t\t\t\t\t\t\t<div class=\"elementor-spacer\">\n\t\t\t<div class=\"elementor-spacer-inner\"><\/div>\n\t\t<\/div>\n\t\t\t\t\t\t<\/div>\n\t\t\t\t<\/div>\n\t\t\t\t<div class=\"elementor-element elementor-element-59e09bd elementor-widget elementor-widget-heading\" data-id=\"59e09bd\" data-element_type=\"widget\" data-widget_type=\"heading.default\">\n\t\t\t\t<div class=\"elementor-widget-container\">\n\t\t\t\t\t<h1 class=\"elementor-heading-title elementor-size-default\">Internships<\/h1>\t\t\t\t<\/div>\n\t\t\t\t<\/div>\n\t\t\t\t<div class=\"elementor-element elementor-element-12124f9 elementor-widget elementor-widget-spacer\" data-id=\"12124f9\" data-element_type=\"widget\" data-widget_type=\"spacer.default\">\n\t\t\t\t<div class=\"elementor-widget-container\">\n\t\t\t\t\t\t\t<div class=\"elementor-spacer\">\n\t\t\t<div class=\"elementor-spacer-inner\"><\/div>\n\t\t<\/div>\n\t\t\t\t\t\t<\/div>\n\t\t\t\t<\/div>\n\t\t\t\t<div class=\"elementor-element elementor-element-8b8b20d elementor-widget elementor-widget-shortcode\" data-id=\"8b8b20d\" data-element_type=\"widget\" data-widget_type=\"shortcode.default\">\n\t\t\t\t<div class=\"elementor-widget-container\">\n\t\t\t\t\t\t\t<div class=\"elementor-shortcode\">[mpcs-courses categories=\"internships\"] <\/div>\n\t\t\t\t\t\t<\/div>\n\t\t\t\t<\/div>\n\t\t\t\t\t<\/div>\n\t\t<\/div>\n\t\t\t\t\t<\/div>\n\t\t<\/section>\n\t\t\t\t<section class=\"elementor-section elementor-top-section elementor-element elementor-element-833b291 elementor-section-boxed elementor-section-height-default elementor-section-height-default\" data-id=\"833b291\" data-element_type=\"section\">\n\t\t\t\t\t\t<div class=\"elementor-container elementor-column-gap-default\">\n\t\t\t\t\t<div class=\"elementor-column elementor-col-100 elementor-top-column elementor-element elementor-element-d8df2f2\" data-id=\"d8df2f2\" data-element_type=\"column\">\n\t\t\t<div class=\"elementor-widget-wrap elementor-element-populated\">\n\t\t\t\t\t\t<div class=\"elementor-element elementor-element-fe9ae77 elementor-widget elementor-widget-polpress_chooseus_tab_item\" data-id=\"fe9ae77\" data-element_type=\"widget\" data-widget_type=\"polpress_chooseus_tab_item.default\">\n\t\t\t\t<div class=\"elementor-widget-container\">\n\t\t\t\t\t            <div class=\"row clearfix\">\n                <div class=\"col-lg-6 col-md-12 col-sm-12 image-column\">\n                    <figure class=\"image-box mr-0\">\n                        <img decoding=\"async\" width=\"863\" height=\"1080\" src=\"https:\/\/daigakatrina.com\/wp-content\/uploads\/2023\/12\/5M2A1811-1.jpg\" class=\"attachment-full size-full\" alt=\"Daiga Katr\u012bna Bit\u0113na, psihologs R\u012bg\u0101, psihoterapeits, labs terapeits\" \/>                    <\/figure>\n                <\/div>\n                <div class=\"col-lg-6 col-md-12 col-sm-12 content-column\">\n                    <div class=\"content_block_5\">\n                        <div class=\"content-box\">\n                            <h2>Recommend this page to others!<\/h2>\n                            <h3>Get 20% commission on every purchase!<\/h3>\n                            <p>I really appreciate everyone who recommends my content to others. As a thank you for recommending my content, I offer a fair compensation.\n<br><br> To take advantage of this opportunity, you need to become a member of my \"Recommendation Programme\", <a href=\"https:\/\/rth.jzu.mybluehost.me\/website_8880be76\/affiliate-signup\/\"><b>by registering here<\/b><\/a>.\n\nIf you already have a profile on my learning platform, first <a href=\"https:\/\/rth.jzu.mybluehost.me\/website_8880be76\/affiliate-login\/?redirect_to=\/affiliate-signup\/\"><b>login here<\/b><\/a>using your username and password!\n<br><br>By following these steps you will receive a URL link. Send it to people who might be interested in the content I create and you will receive 20% from every purchase made on my website through your link.<\/p>\n                                                            <a href=\"https:\/\/rth.jzu.mybluehost.me\/website_8880be76\/affiliate-login\/\"   class=\"theme-btn btn-two\">recommend content to others (log in)<\/a>\n                                                    <\/div>\n                    <\/div>\n                <\/div>\n            <\/div>\n        \t\t\t\t<\/div>\n\t\t\t\t<\/div>\n\t\t\t\t\t<\/div>\n\t\t<\/div>\n\t\t\t\t\t<\/div>\n\t\t<\/section>\n\t\t\t\t<\/div>","protected":false},"excerpt":{"rendered":"<p>Independent practices and tasks for balancing Emotional Health Supporting mental health and psychologically healthy mental growth. Practice Leading in Depth Get [...]<\/p>","protected":false},"author":1,"featured_media":0,"parent":0,"menu_order":0,"comment_status":"closed","ping_status":"closed","template":"elementor_header_footer","meta":{"footnotes":"","_links_to":"","_links_to_target":""},"class_list":["post-4580","page","type-page","status-publish","hentry"],"_links":{"self":[{"href":"https:\/\/daigakatrina.com\/en\/wp-json\/wp\/v2\/pages\/4580","targetHints":{"allow":["GET"]}}],"collection":[{"href":"https:\/\/daigakatrina.com\/en\/wp-json\/wp\/v2\/pages"}],"about":[{"href":"https:\/\/daigakatrina.com\/en\/wp-json\/wp\/v2\/types\/page"}],"author":[{"embeddable":true,"href":"https:\/\/daigakatrina.com\/en\/wp-json\/wp\/v2\/users\/1"}],"replies":[{"embeddable":true,"href":"https:\/\/daigakatrina.com\/en\/wp-json\/wp\/v2\/comments?post=4580"}],"version-history":[{"count":20,"href":"https:\/\/daigakatrina.com\/en\/wp-json\/wp\/v2\/pages\/4580\/revisions"}],"predecessor-version":[{"id":5374,"href":"https:\/\/daigakatrina.com\/en\/wp-json\/wp\/v2\/pages\/4580\/revisions\/5374"}],"wp:attachment":[{"href":"https:\/\/daigakatrina.com\/en\/wp-json\/wp\/v2\/media?parent=4580"}],"curies":[{"name":"wp","href":"https:\/\/api.w.org\/{rel}","templated":true}]}}