{"id":5478,"date":"2024-03-18T09:49:39","date_gmt":"2024-03-18T09:49:39","guid":{"rendered":"https:\/\/rth.jzu.mybluehost.me\/website_8880be76\/?page_id=5478"},"modified":"2024-03-18T16:47:30","modified_gmt":"2024-03-18T16:47:30","slug":"vajadzibas1","status":"publish","type":"page","link":"https:\/\/daigakatrina.com\/en\/vajadzibas1\/","title":{"rendered":"Enhancing well-being and quality of life through the recognition and fulfilment of psychological needs - Online lecture"},"content":{"rendered":"<div data-elementor-type=\"wp-page\" data-elementor-id=\"5478\" class=\"elementor elementor-5478\">\n\t\t\t\t\t\t<section class=\"elementor-section elementor-top-section elementor-element elementor-element-ee4a3ff elementor-section-boxed elementor-section-height-default elementor-section-height-default\" data-id=\"ee4a3ff\" data-element_type=\"section\">\n\t\t\t\t\t\t<div class=\"elementor-container elementor-column-gap-default\">\n\t\t\t\t\t<div class=\"elementor-column elementor-col-100 elementor-top-column elementor-element elementor-element-19a92c6\" data-id=\"19a92c6\" data-element_type=\"column\">\n\t\t\t<div class=\"elementor-widget-wrap elementor-element-populated\">\n\t\t\t\t\t\t<div class=\"elementor-element elementor-element-fae45b9 elementor-widget elementor-widget-spacer\" data-id=\"fae45b9\" data-element_type=\"widget\" data-widget_type=\"spacer.default\">\n\t\t\t\t<div class=\"elementor-widget-container\">\n\t\t\t\t\t\t\t<div class=\"elementor-spacer\">\n\t\t\t<div class=\"elementor-spacer-inner\"><\/div>\n\t\t<\/div>\n\t\t\t\t\t\t<\/div>\n\t\t\t\t<\/div>\n\t\t\t\t\t<\/div>\n\t\t<\/div>\n\t\t\t\t\t<\/div>\n\t\t<\/section>\n\t\t\t\t<section class=\"elementor-section elementor-top-section elementor-element elementor-element-6a9c2f6 elementor-section-boxed elementor-section-height-default elementor-section-height-default\" data-id=\"6a9c2f6\" data-element_type=\"section\">\n\t\t\t\t\t\t<div class=\"elementor-container elementor-column-gap-default\">\n\t\t\t\t\t<div class=\"elementor-column elementor-col-100 elementor-top-column elementor-element elementor-element-08782c4\" data-id=\"08782c4\" data-element_type=\"column\">\n\t\t\t<div class=\"elementor-widget-wrap elementor-element-populated\">\n\t\t\t\t\t\t<div class=\"elementor-element elementor-element-520bcf0 elementor-widget elementor-widget-polpress_chooseus_tab_item\" data-id=\"520bcf0\" data-element_type=\"widget\" data-widget_type=\"polpress_chooseus_tab_item.default\">\n\t\t\t\t<div class=\"elementor-widget-container\">\n\t\t\t\t\t            <div class=\"row align-items-center clearfix\">\n                <div class=\"col-lg-6 col-md-12 col-sm-12 image-column\">\n                    <figure class=\"image-box\">\n                        <img fetchpriority=\"high\" decoding=\"async\" width=\"1350\" height=\"1080\" src=\"https:\/\/daigakatrina.com\/wp-content\/uploads\/2024\/03\/Vajadzibas.jpg\" class=\"attachment-full size-full\" alt=\"vajadz\u012bbas, psiholo\u0123isk\u0101s vajadz\u012bbas, apmierin\u0101t vajadz\u012bbas, psiholo\u0123ija\" \/>                    <\/figure>\n                <\/div>\n                <div class=\"col-lg-6 col-md-12 col-sm-12 content-column\">\n                    <div class=\"content_block_2\">\n                        <div class=\"content-box\">\n                            <div class=\"sec-title\">\n                                <h5>Online lesson (53 min.)<\/h5>\n                                <h2>Three basic human needs<\/h2>\n                            <\/div>\n                            <div class=\"text\">\n                                <h3>Enhancing well-being and quality of life through the recognition and fulfilment of psychological needs<\/h3>\n                            <\/div>\n                        <\/div>\n                    <\/div>\n                <\/div>\n            <\/div>\n            <!-- chooseus-section end -->\n        \t\t\t\t<\/div>\n\t\t\t\t<\/div>\n\t\t\t\t\t<\/div>\n\t\t<\/div>\n\t\t\t\t\t<\/div>\n\t\t<\/section>\n\t\t\t\t<section class=\"elementor-section elementor-top-section elementor-element elementor-element-d3bb24c elementor-section-full_width elementor-section-stretched elementor-section-height-default elementor-section-height-default\" data-id=\"d3bb24c\" data-element_type=\"section\" data-settings=\"{&quot;stretch_section&quot;:&quot;section-stretched&quot;}\">\n\t\t\t\t\t\t<div class=\"elementor-container elementor-column-gap-default\">\n\t\t\t\t\t<div class=\"elementor-column elementor-col-100 elementor-top-column elementor-element elementor-element-afe84d0\" data-id=\"afe84d0\" data-element_type=\"column\">\n\t\t\t<div class=\"elementor-widget-wrap elementor-element-populated\">\n\t\t\t\t\t\t<div class=\"elementor-element elementor-element-76bd7d8 elementor-widget elementor-widget-polpress_cta\" data-id=\"76bd7d8\" data-element_type=\"widget\" data-widget_type=\"polpress_cta.default\">\n\t\t\t\t<div class=\"elementor-widget-container\">\n\t\t\t\t\t      <!-- cta-section -->\n      <section class=\"cta-section bg-color-2\">\n        <span class=\"title-one\">Spirituality<\/span>\n        <span class=\"title-two\">Religious<\/span>\n        <div class=\"auto-container\">\n          <div class=\"inner-box clearfix\">\n            <div class=\"text pull-left\">\n              <h2><i class=\"flaticon-brain\"><\/i>Access <span>lectures<\/span> <br\/>materials.<\/h2>\n            <\/div>\n            <div class=\"btn-box pull-right\">\n              <a href=\"https:\/\/rth.jzu.mybluehost.me\/website_8880be76\/vajadzibas1\/#vajag1\"   class=\"theme-btn btn-one\">Buy, \u20ac 20,00<\/a>\n              <a href=\"https:\/\/rth.jzu.mybluehost.me\/website_8880be76\/courses\/dzives-labizjutas-vairosana-un-dzives-kvalitates-celsana-caur-psihologisko-vajadzibu-atpazisanu-un-piepildisanu\/\" target=\"_blank\"  class=\"theme-btn btn-three\">Subscriptions<\/a>\n            <\/div>\n          <\/div>\n        <\/div>\n      <\/section>\n      <!-- cta-section end -->\n    \t\t\t\t<\/div>\n\t\t\t\t<\/div>\n\t\t\t\t\t<\/div>\n\t\t<\/div>\n\t\t\t\t\t<\/div>\n\t\t<\/section>\n\t\t\t\t<section class=\"elementor-section elementor-top-section elementor-element elementor-element-92ed661 elementor-section-boxed elementor-section-height-default elementor-section-height-default\" data-id=\"92ed661\" data-element_type=\"section\">\n\t\t\t\t\t\t<div class=\"elementor-container elementor-column-gap-default\">\n\t\t\t\t\t<div class=\"elementor-column elementor-col-100 elementor-top-column elementor-element elementor-element-3a807c5\" data-id=\"3a807c5\" data-element_type=\"column\">\n\t\t\t<div class=\"elementor-widget-wrap elementor-element-populated\">\n\t\t\t\t\t\t<div class=\"elementor-element elementor-element-9426593 elementor-widget elementor-widget-polpress_faq\" data-id=\"9426593\" data-element_type=\"widget\" data-widget_type=\"polpress_faq.default\">\n\t\t\t\t<div class=\"elementor-widget-container\">\n\t\t\t\t\t        <!-- faq-section -->\n        <section class=\"faq-section\">\n            <div class=\"auto-container\">\n                <div class=\"row align-items-center clearfix\">\n                    <div class=\"col-lg-6 col-md-12 col-sm-12 content-column\">\n                        <div class=\"content_block_6\">\n                            <div class=\"content-box\">\n                                <div class=\"sec-title\">\n                                    <i class=\"flaticon-brain-1\"><\/i>\n                                    <h6>ABOUT THE LECTURE<\/h6>\n                                    <h2>Recognise and fulfil<\/h2>\n                                <\/div>\n                                <div class=\"text\">\n                                    <p>An educational and informative lecture on the three psychological needs that are common to all people. How to learn to recognise and fulfil them. Knowledge and evidence-based approach.<\/p>\n                                <\/div>\n                                <figure class=\"image-box\">\n                                    <img decoding=\"async\" width=\"1350\" height=\"1080\" src=\"https:\/\/daigakatrina.com\/wp-content\/uploads\/2024\/03\/vajadzibas3.jpg\" class=\"attachment-full size-full\" alt=\"vajadz\u012bbas, psiholo\u0123isk\u0101s vajadz\u012bbas, apmierin\u0101t vajadz\u012bbas, psiholo\u0123ija, gar\u012bgums, gar\u012bg\u0101s vajadz\u012bbas\" \/>                                <\/figure>\n                            <\/div>\n                        <\/div>\n                    <\/div>\n                    <div class=\"col-lg-6 col-md-12 col-sm-12 faq-column\">\n                        <ul class=\"accordion-box\">\n                                                            <li class=\"accordion block active-block\">\n                                    <div class=\"acc-btn active\">\n                                        <div class=\"icon-outer\"><i class=\"far fa-plus\"><\/i><\/div>\n                                        <h5>Why is this lecture worth listening to?<\/h5>\n                                    <\/div>\n                                    <div class=\"acc-content current\">\n                                        <div class=\"content-box\">\n                                            <p>This lecture is worth listening to:\n<br><br> - To find out which three basic needs are common to all people.\n<br> - To understand how to recognise your own psychological needs and why it is worth paying attention.\n<br> - To find out how recognising and meeting their needs affects a person's well-being and quality of life.<\/p>\n                                        <\/div>\n                                    <\/div>\n                                <\/li>\n                                                            <li class=\"accordion block\">\n                                    <div class=\"acc-btn\">\n                                        <div class=\"icon-outer\"><i class=\"far fa-plus\"><\/i><\/div>\n                                        <h5>What topics are covered in the lecture?<\/h5>\n                                    <\/div>\n                                    <div class=\"acc-content\">\n                                        <div class=\"content-box\">\n                                            <p>The lecture covers the following topics:\n<br><br>What are psychological needs?\n<br><br>How to recognise your psychological needs?\n<br><br>Psychological needs in relation to well-being and quality of life\n<br><br>How can we increase well-being and quality of life through meeting immediate needs?<\/p>\n                                        <\/div>\n                                    <\/div>\n                                <\/li>\n                                                            <li class=\"accordion block\">\n                                    <div class=\"acc-btn\">\n                                        <div class=\"icon-outer\"><i class=\"far fa-plus\"><\/i><\/div>\n                                        <h5>What is included in the lecture materials?<\/h5>\n                                    <\/div>\n                                    <div class=\"acc-content\">\n                                        <div class=\"content-box\">\n                                            <p>Lecture materials include:\n\n<br><br>Recording of the lecture \"Increasing well-being and quality of life through the recognition and fulfilment of psychological needs\" (53 min.).\n<\/p>\n                                        <\/div>\n                                    <\/div>\n                                <\/li>\n                                                    <\/ul>\n                    <\/div>\n                <\/div>\n            <\/div>\n        <\/section>\n        <!-- faq-section end -->\n\t\t\t\t<\/div>\n\t\t\t\t<\/div>\n\t\t\t\t\t<\/div>\n\t\t<\/div>\n\t\t\t\t\t<\/div>\n\t\t<\/section>\n\t\t\t\t<section class=\"elementor-section elementor-top-section elementor-element elementor-element-fa3fa97 elementor-section-boxed elementor-section-height-default elementor-section-height-default\" data-id=\"fa3fa97\" data-element_type=\"section\">\n\t\t\t\t\t\t<div class=\"elementor-container elementor-column-gap-default\">\n\t\t\t\t\t<div class=\"elementor-column elementor-col-100 elementor-top-column elementor-element elementor-element-adae748\" data-id=\"adae748\" data-element_type=\"column\">\n\t\t\t<div class=\"elementor-widget-wrap elementor-element-populated\">\n\t\t\t\t\t\t<div class=\"elementor-element elementor-element-d381217 elementor-widget elementor-widget-menu-anchor\" data-id=\"d381217\" data-element_type=\"widget\" data-widget_type=\"menu-anchor.default\">\n\t\t\t\t<div class=\"elementor-widget-container\">\n\t\t\t\t\t\t\t<div class=\"elementor-menu-anchor\" id=\"vajag1\"><\/div>\n\t\t\t\t\t\t<\/div>\n\t\t\t\t<\/div>\n\t\t\t\t<div class=\"elementor-element elementor-element-508c356 elementor-widget elementor-widget-spacer\" data-id=\"508c356\" data-element_type=\"widget\" data-widget_type=\"spacer.default\">\n\t\t\t\t<div class=\"elementor-widget-container\">\n\t\t\t\t\t\t\t<div class=\"elementor-spacer\">\n\t\t\t<div class=\"elementor-spacer-inner\"><\/div>\n\t\t<\/div>\n\t\t\t\t\t\t<\/div>\n\t\t\t\t<\/div>\n\t\t\t\t<div class=\"elementor-element elementor-element-20ddace elementor-widget elementor-widget-heading\" data-id=\"20ddace\" data-element_type=\"widget\" data-widget_type=\"heading.default\">\n\t\t\t\t<div class=\"elementor-widget-container\">\n\t\t\t\t\t<h2 class=\"elementor-heading-title elementor-size-default\">Access the lecture material<\/h2>\t\t\t\t<\/div>\n\t\t\t\t<\/div>\n\t\t\t\t<div class=\"elementor-element elementor-element-1e77ac8 elementor-widget elementor-widget-spacer\" data-id=\"1e77ac8\" data-element_type=\"widget\" data-widget_type=\"spacer.default\">\n\t\t\t\t<div class=\"elementor-widget-container\">\n\t\t\t\t\t\t\t<div class=\"elementor-spacer\">\n\t\t\t<div class=\"elementor-spacer-inner\"><\/div>\n\t\t<\/div>\n\t\t\t\t\t\t<\/div>\n\t\t\t\t<\/div>\n\t\t\t\t\t<\/div>\n\t\t<\/div>\n\t\t\t\t\t<\/div>\n\t\t<\/section>\n\t\t\t\t<section class=\"elementor-section elementor-top-section elementor-element elementor-element-582157f elementor-section-boxed elementor-section-height-default elementor-section-height-default\" data-id=\"582157f\" data-element_type=\"section\">\n\t\t\t\t\t\t<div class=\"elementor-container elementor-column-gap-default\">\n\t\t\t\t\t<div class=\"elementor-column elementor-col-50 elementor-top-column elementor-element elementor-element-38f5f42\" data-id=\"38f5f42\" data-element_type=\"column\">\n\t\t\t<div class=\"elementor-widget-wrap elementor-element-populated\">\n\t\t\t\t\t\t<div class=\"elementor-element elementor-element-6a769c8 elementor-widget elementor-widget-heading\" data-id=\"6a769c8\" data-element_type=\"widget\" data-widget_type=\"heading.default\">\n\t\t\t\t<div class=\"elementor-widget-container\">\n\t\t\t\t\t<h4 class=\"elementor-heading-title elementor-size-default\">For new users<\/h4>\t\t\t\t<\/div>\n\t\t\t\t<\/div>\n\t\t\t\t<div class=\"elementor-element elementor-element-2551a19 elementor-widget elementor-widget-text-editor\" data-id=\"2551a19\" data-element_type=\"widget\" data-widget_type=\"text-editor.default\">\n\t\t\t\t<div class=\"elementor-widget-container\">\n\t\t\t\t\t\t\t\t\t<p>To purchase access to the lecture materials, please register with a username and password and pay (\u20ac 20,00)! Then go to <strong><a href=\"https:\/\/rth.jzu.mybluehost.me\/website_8880be76\/account\/?action=courses\" target=\"_blank\" rel=\"noopener\">Courses (<i>Courses<\/i>)!<\/a><\/strong><\/p>\t\t\t\t\t\t\t\t<\/div>\n\t\t\t\t<\/div>\n\t\t\t\t<div class=\"elementor-element elementor-element-ca906b2 elementor-widget elementor-widget-heading\" data-id=\"ca906b2\" data-element_type=\"widget\" data-widget_type=\"heading.default\">\n\t\t\t\t<div class=\"elementor-widget-container\">\n\t\t\t\t\t<h5 class=\"elementor-heading-title elementor-size-default\"><a href=\"https:\/\/rth.jzu.mybluehost.me\/website_8880be76\/online-kursi\/#abonements\">More cost-effective with a subscription!<\/a><\/h5>\t\t\t\t<\/div>\n\t\t\t\t<\/div>\n\t\t\t\t<div class=\"elementor-element elementor-element-f1f0690 elementor-widget elementor-widget-text-editor\" data-id=\"f1f0690\" data-element_type=\"widget\" data-widget_type=\"text-editor.default\">\n\t\t\t\t<div class=\"elementor-widget-container\">\n\t\t\t\t\t\t\t\t\t<p style=\"caret-color: #000000; color: #000000;\">As a subscriber, you will receive access to the materials in this practice and in the other\u00a0<a href=\"https:\/\/rth.jzu.mybluehost.me\/website_8880be76\/lekcijas\" target=\"_blank\" rel=\"noopener\"><strong>\"Lectures\"<\/strong><\/a>,\u00a0<a href=\"https:\/\/rth.jzu.mybluehost.me\/website_8880be76\/prakses\" target=\"_blank\" rel=\"noopener\"><strong>\"Practices\"<\/strong><\/a>\u00a0and\u00a0<a href=\"https:\/\/rth.jzu.mybluehost.me\/website_8880be76\/blogs\/\" target=\"_blank\" rel=\"noopener\"><strong>\"Blogs\"<\/strong><\/a>.<\/p>\t\t\t\t\t\t\t\t<\/div>\n\t\t\t\t<\/div>\n\t\t\t\t<div class=\"elementor-element elementor-element-9bde62c elementor-widget elementor-widget-button\" data-id=\"9bde62c\" data-element_type=\"widget\" data-widget_type=\"button.default\">\n\t\t\t\t<div class=\"elementor-widget-container\">\n\t\t\t\t\t\t\t\t\t<div class=\"elementor-button-wrapper\">\n\t\t\t\t\t<a class=\"elementor-button elementor-button-link elementor-size-sm\" href=\"https:\/\/rth.jzu.mybluehost.me\/website_8880be76\/online-kursi\/#abonements\" target=\"_blank\">\n\t\t\t\t\t\t<span class=\"elementor-button-content-wrapper\">\n\t\t\t\t\t\t\t\t\t<span class=\"elementor-button-text\">BUY A SUBSCRIPTION<\/span>\n\t\t\t\t\t<\/span>\n\t\t\t\t\t<\/a>\n\t\t\t\t<\/div>\n\t\t\t\t\t\t\t\t<\/div>\n\t\t\t\t<\/div>\n\t\t\t\t<div class=\"elementor-element elementor-element-f66b59d elementor-widget elementor-widget-shortcode\" data-id=\"f66b59d\" data-element_type=\"widget\" data-widget_type=\"shortcode.default\">\n\t\t\t\t<div class=\"elementor-widget-container\">\n\t\t\t\t\t\t\t<div class=\"elementor-shortcode\">[mepr-membership-registration-form id=\"5484\"]<\/div>\n\t\t\t\t\t\t<\/div>\n\t\t\t\t<\/div>\n\t\t\t\t\t<\/div>\n\t\t<\/div>\n\t\t\t\t<div class=\"elementor-column elementor-col-50 elementor-top-column elementor-element elementor-element-d40bd71\" data-id=\"d40bd71\" data-element_type=\"column\">\n\t\t\t<div class=\"elementor-widget-wrap elementor-element-populated\">\n\t\t\t\t\t\t<div class=\"elementor-element elementor-element-df1da71 elementor-widget elementor-widget-heading\" data-id=\"df1da71\" data-element_type=\"widget\" data-widget_type=\"heading.default\">\n\t\t\t\t<div class=\"elementor-widget-container\">\n\t\t\t\t\t<h4 class=\"elementor-heading-title elementor-size-default\">For registered users<\/h4>\t\t\t\t<\/div>\n\t\t\t\t<\/div>\n\t\t\t\t<div class=\"elementor-element elementor-element-5a3f7a1 elementor-widget elementor-widget-text-editor\" data-id=\"5a3f7a1\" data-element_type=\"widget\" data-widget_type=\"text-editor.default\">\n\t\t\t\t<div class=\"elementor-widget-container\">\n\t\t\t\t\t\t\t\t\t<p style=\"caret-color: #000000; color: #000000;\">If you have previously registered on this learning platform but have not purchased access to this particular lecture, please log in first, then click\u00a0<a href=\"https:\/\/rth.jzu.mybluehost.me\/website_8880be76\/register\/dzives-labizjutas-vairosana-un-dzives-kvalitates-celsana-caur-psihologisko-vajadzibu-atpazisanu-un-piepildisanu\/\" target=\"_blank\" rel=\"noopener\"><strong>BUY<\/strong><\/a>\u00a0below and make your payment! After payment, the materials will be available in\u00a0<strong><a href=\"https:\/\/rth.jzu.mybluehost.me\/website_8880be76\/account\/?action=courses\" target=\"_blank\" rel=\"noopener\">Courses (<i>Courses<\/i>).<\/a><\/strong><\/p>\t\t\t\t\t\t\t\t<\/div>\n\t\t\t\t<\/div>\n\t\t\t\t<div class=\"elementor-element elementor-element-062bf81 elementor-widget elementor-widget-button\" data-id=\"062bf81\" data-element_type=\"widget\" data-widget_type=\"button.default\">\n\t\t\t\t<div class=\"elementor-widget-container\">\n\t\t\t\t\t\t\t\t\t<div class=\"elementor-button-wrapper\">\n\t\t\t\t\t<a class=\"elementor-button elementor-button-link elementor-size-sm\" href=\"https:\/\/rth.jzu.mybluehost.me\/website_8880be76\/register\/dzives-labizjutas-vairosana-un-dzives-kvalitates-celsana-caur-psihologisko-vajadzibu-atpazisanu-un-piepildisanu\/\" target=\"_blank\">\n\t\t\t\t\t\t<span class=\"elementor-button-content-wrapper\">\n\t\t\t\t\t\t\t\t\t<span class=\"elementor-button-text\">BUY, \u20ac 20,00<\/span>\n\t\t\t\t\t<\/span>\n\t\t\t\t\t<\/a>\n\t\t\t\t<\/div>\n\t\t\t\t\t\t\t\t<\/div>\n\t\t\t\t<\/div>\n\t\t\t\t<div class=\"elementor-element elementor-element-ac1baa0 elementor-widget elementor-widget-text-editor\" data-id=\"ac1baa0\" data-element_type=\"widget\" data-widget_type=\"text-editor.default\">\n\t\t\t\t<div class=\"elementor-widget-container\">\n\t\t\t\t\t\t\t\t\t<p>To access pre-purchased practice materials, or if you are <a href=\"https:\/\/rth.jzu.mybluehost.me\/website_8880be76\/online-kursi\/#abonements\" target=\"_blank\" rel=\"noopener\"><strong>subscriptions<\/strong><\/a>, please log in to the learning platform and go to\u00a0<strong><a href=\"https:\/\/rth.jzu.mybluehost.me\/website_8880be76\/account\/?action=courses\" target=\"_blank\" rel=\"noopener\">Courses (<i>Courses<\/i>)!<\/a><\/strong><\/p>\t\t\t\t\t\t\t\t<\/div>\n\t\t\t\t<\/div>\n\t\t\t\t<div class=\"elementor-element elementor-element-73fc273 elementor-widget elementor-widget-shortcode\" data-id=\"73fc273\" data-element_type=\"widget\" data-widget_type=\"shortcode.default\">\n\t\t\t\t<div class=\"elementor-widget-container\">\n\t\t\t\t\t\t\t<div class=\"elementor-shortcode\">[mepr-login-form use_redirect=\"true\"]<\/div>\n\t\t\t\t\t\t<\/div>\n\t\t\t\t<\/div>\n\t\t\t\t\t<\/div>\n\t\t<\/div>\n\t\t\t\t\t<\/div>\n\t\t<\/section>\n\t\t\t\t<section class=\"elementor-section elementor-top-section elementor-element elementor-element-9f8f71e elementor-section-boxed elementor-section-height-default elementor-section-height-default\" data-id=\"9f8f71e\" data-element_type=\"section\">\n\t\t\t\t\t\t<div class=\"elementor-container elementor-column-gap-default\">\n\t\t\t\t\t<div class=\"elementor-column elementor-col-100 elementor-top-column elementor-element elementor-element-bee733a\" data-id=\"bee733a\" data-element_type=\"column\">\n\t\t\t<div class=\"elementor-widget-wrap elementor-element-populated\">\n\t\t\t\t\t\t<div class=\"elementor-element elementor-element-c51d841 elementor-widget-divider--view-line elementor-widget elementor-widget-divider\" data-id=\"c51d841\" data-element_type=\"widget\" data-widget_type=\"divider.default\">\n\t\t\t\t<div class=\"elementor-widget-container\">\n\t\t\t\t\t\t\t<div class=\"elementor-divider\">\n\t\t\t<span class=\"elementor-divider-separator\">\n\t\t\t\t\t\t<\/span>\n\t\t<\/div>\n\t\t\t\t\t\t<\/div>\n\t\t\t\t<\/div>\n\t\t\t\t<div class=\"elementor-element elementor-element-8dc644c elementor-widget elementor-widget-polpress_chooseus_tab_item\" data-id=\"8dc644c\" data-element_type=\"widget\" data-widget_type=\"polpress_chooseus_tab_item.default\">\n\t\t\t\t<div class=\"elementor-widget-container\">\n\t\t\t\t\t            <div class=\"row clearfix\">\n                <div class=\"col-lg-6 col-md-12 col-sm-12 image-column\">\n                    <figure class=\"image-box mr-0\">\n                        <img decoding=\"async\" width=\"864\" height=\"1080\" src=\"https:\/\/daigakatrina.com\/wp-content\/uploads\/2023\/12\/5M2A2018.jpg\" class=\"attachment-full size-full\" alt=\"Daiga Katr\u012bna Bit\u0113na, psihologs R\u012bg\u0101, psihoterapeits, labs terapeits\" \/>                    <\/figure>\n                <\/div>\n                <div class=\"col-lg-6 col-md-12 col-sm-12 content-column\">\n                    <div class=\"content_block_5\">\n                        <div class=\"content-box\">\n                            <h2>Recommend this page to others!<\/h2>\n                            <h3>Get 20% commission on every purchase!<\/h3>\n                            <p>I really appreciate everyone who recommends my content to others. As a thank you for recommending my content, I offer a fair compensation.\n<br><br> To take advantage of this opportunity, you need to become a member of my \"Recommendation Programme\", <a href=\"https:\/\/rth.jzu.mybluehost.me\/website_8880be76\/affiliate-signup\/\"><b>by registering here<\/b><\/a>.\n\nIf you already have a profile on my learning platform, first <a href=\"https:\/\/rth.jzu.mybluehost.me\/website_8880be76\/affiliate-login\/?redirect_to=\/affiliate-signup\/\"><b>login here<\/b><\/a>using your username and password!\n<br><br>By following these steps you will receive a URL link. Send it to people who might be interested in the content I create and you will receive 20% from every purchase made on my website through your link.<\/p>\n                                                            <a href=\"https:\/\/rth.jzu.mybluehost.me\/website_8880be76\/affiliate-login\/\"   class=\"theme-btn btn-two\">recommend content to others (log in)<\/a>\n                                                    <\/div>\n                    <\/div>\n                <\/div>\n            <\/div>\n        \t\t\t\t<\/div>\n\t\t\t\t<\/div>\n\t\t\t\t\t<\/div>\n\t\t<\/div>\n\t\t\t\t\t<\/div>\n\t\t<\/section>\n\t\t\t\t<\/div>","protected":false},"excerpt":{"rendered":"<p>Online lecture (53 min.) The Three Basic Human Needs Enhancing well-being and quality of life through the recognition and fulfilment of psychological needs [...]<\/p>","protected":false},"author":1,"featured_media":0,"parent":0,"menu_order":0,"comment_status":"closed","ping_status":"closed","template":"elementor_header_footer","meta":{"footnotes":"","_links_to":"","_links_to_target":""},"class_list":["post-5478","page","type-page","status-publish","hentry"],"_links":{"self":[{"href":"https:\/\/daigakatrina.com\/en\/wp-json\/wp\/v2\/pages\/5478","targetHints":{"allow":["GET"]}}],"collection":[{"href":"https:\/\/daigakatrina.com\/en\/wp-json\/wp\/v2\/pages"}],"about":[{"href":"https:\/\/daigakatrina.com\/en\/wp-json\/wp\/v2\/types\/page"}],"author":[{"embeddable":true,"href":"https:\/\/daigakatrina.com\/en\/wp-json\/wp\/v2\/users\/1"}],"replies":[{"embeddable":true,"href":"https:\/\/daigakatrina.com\/en\/wp-json\/wp\/v2\/comments?post=5478"}],"version-history":[{"count":13,"href":"https:\/\/daigakatrina.com\/en\/wp-json\/wp\/v2\/pages\/5478\/revisions"}],"predecessor-version":[{"id":5551,"href":"https:\/\/daigakatrina.com\/en\/wp-json\/wp\/v2\/pages\/5478\/revisions\/5551"}],"wp:attachment":[{"href":"https:\/\/daigakatrina.com\/en\/wp-json\/wp\/v2\/media?parent=5478"}],"curies":[{"name":"wp","href":"https:\/\/api.w.org\/{rel}","templated":true}]}}